{"id":1294,"date":"2026-02-26T08:34:55","date_gmt":"2026-02-26T08:34:55","guid":{"rendered":"https:\/\/www.parcomontale.com\/?page_id=1294"},"modified":"2026-03-25T17:58:23","modified_gmt":"2026-03-25T17:58:23","slug":"attivita-per-le-scuole","status":"publish","type":"page","link":"https:\/\/www.parcomontale.it\/de\/visita\/attivita-per-le-scuole\/","title":{"rendered":"Aktivit\u00e4ten f\u00fcr Schulen"},"content":{"rendered":"<div id=\"HERO-TITOLO\"  data-column-margin=\"default\" data-midnight=\"dark\"  class=\"wpb_row vc_row-fluid vc_row  zindex-set\"  style=\"padding-top: 0px; padding-bottom: 0px;  z-index: 999;\"><div class=\"row-bg-wrap\" data-bg-animation=\"none\" data-bg-animation-delay=\"\" data-bg-overlay=\"false\"><div class=\"inner-wrap row-bg-layer\" ><div class=\"row-bg viewport-desktop\"  style=\"\"><\/div><\/div><\/div><div class=\"row_col_wrap_12 col span_12 dark left\">\n\t<div  class=\"vc_col-sm-12 wpb_column column_container vc_column_container col no-extra-padding inherit_tablet inherit_phone flex_gap_desktop_10px\"  data-padding-pos=\"all\" data-has-bg-color=\"false\" data-bg-color=\"\" data-bg-opacity=\"1\" data-animation=\"\" data-delay=\"0\" >\n\t\t<div class=\"vc_column-inner\" >\n\t\t\t<div class=\"wpb_wrapper\">\n\t\t\t\t<div id=\"fws_69e2f468adc85\" data-midnight=\"\" data-column-margin=\"default\" class=\"wpb_row vc_row-fluid vc_row inner_row  min_width_desktop_100pct max_width_desktop_1425px row_position_absolute top_position_desktop_0px left_position_desktop_0px\"  style=\"\"><div class=\"row-bg-wrap\"> <div class=\"row-bg\" ><\/div> <\/div><div class=\"row_col_wrap_12_inner col span_12  left\">\n\t<div style=\"\" class=\"vc_col-sm-12 wpb_column column_container vc_column_container col child_column no-extra-padding inherit_tablet inherit_phone bl_br_30px br_br_30px\"  data-using-bg=\"true\" data-padding-pos=\"all\" data-has-bg-color=\"true\" data-bg-color=\"#FF4500\" data-bg-opacity=\"1\" data-animation=\"\" data-delay=\"0\" >\n\t\t<div class=\"vc_column-inner\" ><div class=\"column-bg-overlay-wrap column-bg-layer\" data-bg-animation=\"none\"><div class=\"column-bg-overlay\" style=\"opacity: 1; background-color: #FF4500;\"><\/div><\/div>\n\t\t<div class=\"wpb_wrapper\">\n\t\t\t<div class=\"divider-wrap\" data-alignment=\"default\"><div style=\"height: 120px;\" class=\"divider\"><\/div><\/div>\n\t\t<\/div> \n\t<\/div>\n\t<\/div> \n<\/div><\/div><div id=\"fws_69e2f468ade7c\" data-midnight=\"\" data-column-margin=\"default\" class=\"wpb_row vc_row-fluid vc_row inner_row vc_row-o-equal-height vc_row-flex vc_row-o-content-bottom min_width_desktop_100pct row_position_absolute top_position_desktop_0px left_position_desktop_0px\"  style=\"\"><div class=\"row-bg-wrap\"> <div class=\"row-bg\" ><\/div> <\/div><div class=\"row_col_wrap_12_inner col span_12  left\">\n\t<div  class=\"vc_col-sm-6 wpb_column column_container vc_column_container col child_column no-extra-padding inherit_tablet inherit_phone\"   data-padding-pos=\"all\" data-has-bg-color=\"false\" data-bg-color=\"\" data-bg-opacity=\"1\" data-animation=\"\" data-delay=\"0\" >\n\t\t<div class=\"vc_column-inner\" >\n\t\t<div class=\"wpb_wrapper\">\n\t\t\t<a href=\"https:\/\/www.parcomontale.it\/de\/visita\/\" target=\"_self\" data-nectar-link-indicator=\"true\" data-indicator-bg=\"#FF4500\" data-indicator-icon=\"#FFFFFF\"><div class=\"nectar-split-heading  font_line_height_1-1\" data-align=\"default\" data-m-align=\"inherit\" data-text-effect=\"default\" data-animation-type=\"line-reveal-by-space\" data-animation-delay=\"0\" data-animation-offset=\"\" data-m-rm-animation=\"\" data-stagger=\"true\" data-custom-font-size=\"false\" ><h6 style=\" color: #FFFFFF;\">BESUCHE<\/h6><\/div><\/a><div class=\"nectar-split-heading  font_size_4vw font_line_height_1px\" data-align=\"default\" data-m-align=\"inherit\" data-text-effect=\"default\" data-animation-type=\"line-reveal-by-space\" data-animation-delay=\"0\" data-animation-offset=\"\" data-m-rm-animation=\"\" data-stagger=\"true\" data-custom-font-size=\"true\" style=\"font-size: 4.5vw; line-height: 4.95vw;\"><h1 style=\" color: #FFFFFF;\">Aktivit\u00e4ten f\u00fcr Schulen<\/h1><\/div><div class=\"divider-wrap\" data-alignment=\"default\"><div style=\"height: 10vh;\" class=\"divider\"><\/div><\/div>\n\t\t<\/div> \n\t<\/div>\n\t<\/div> \n\n\t<div  class=\"vc_col-sm-6 vc_hidden-sm vc_hidden-xs wpb_column column_container vc_column_container col child_column no-extra-padding inherit_tablet inherit_phone flex_gap_desktop_10px\"   data-padding-pos=\"all\" data-has-bg-color=\"false\" data-bg-color=\"\" data-bg-opacity=\"1\" data-animation=\"\" data-delay=\"0\" >\n\t\t<div class=\"vc_column-inner\" >\n\t\t<div class=\"wpb_wrapper\">\n\t\t\t<div class=\"divider-wrap\" data-alignment=\"default\"><div style=\"height: 80vh;\" class=\"divider\"><\/div><\/div><div  class=\"vc_wp_custommenu wpb_content_element breadcrumb-menu\"><div class=\"widget widget_nav_menu\"><div class=\"menu-visita-container\"><ul id=\"menu-visita\" class=\"menu\"><li id=\"menu-item-1955\" class=\"menu-item menu-item-type-post_type menu-item-object-page menu-item-1955\"><a href=\"https:\/\/www.parcomontale.it\/de\/visita\/attivita-per-le-scuole\/\">Aktivit\u00e4ten f\u00fcr Schulen<\/a><\/li>\n<li id=\"menu-item-1954\" class=\"menu-item menu-item-type-post_type menu-item-object-page menu-item-1954\"><a href=\"https:\/\/www.parcomontale.it\/de\/visita\/attivita-per-il-pubblico\/\">Aktivit\u00e4ten f\u00fcr die \u00d6ffentlichkeit<\/a><\/li>\n<li id=\"menu-item-1956\" class=\"menu-item menu-item-type-post_type menu-item-object-page menu-item-1956\"><a href=\"https:\/\/www.parcomontale.it\/de\/visita\/il-parco-per-tutti\/\">Der Park f\u00fcr alle<\/a><\/li>\n<li id=\"menu-item-1957\" class=\"menu-item menu-item-type-post_type menu-item-object-page menu-item-1957\"><a href=\"https:\/\/www.parcomontale.it\/de\/visita\/virtual-tour\/\">Virtuelle Touren<\/a><\/li>\n<\/ul><\/div><\/div><\/div>\n\t\t<\/div> \n\t<\/div>\n\t<\/div> \n<\/div><\/div>\n\t\t\t<\/div> \n\t\t<\/div>\n\t<\/div> \n<\/div><\/div>\n\t\t<div id=\"HERO-SFONDO\"  data-column-margin=\"default\" data-midnight=\"dark\"  class=\"wpb_row vc_row-fluid vc_row full-width-content has-row-bg-color vc_row-o-equal-height vc_row-flex vc_row-o-content-top  zindex-set\"  style=\"padding-top: 0px; padding-bottom: 0px;  z-index: 3;--row-bg-color: #5C7E74;\"><div class=\"row-bg-wrap\" data-bg-animation=\"none\" data-bg-animation-delay=\"\" data-bg-overlay=\"false\"><div class=\"inner-wrap row-bg-layer\" ><div class=\"row-bg viewport-desktop using-bg-color\"  style=\"background-color: #5C7E74; \"><\/div><\/div><\/div><div class=\"row_col_wrap_12 col span_12 dark left\">\n\t<div style=\"\" class=\"vc_col-sm-12 wpb_column column_container vc_column_container col has-animation no-extra-padding inherit_tablet inherit_phone\" data-using-bg=\"true\" data-overlay-color=\"true\" data-padding-pos=\"all\" data-has-bg-color=\"true\" data-bg-color=\"#1C3C30\" data-bg-opacity=\"0.3\" data-animation=\"fade-in\" data-delay=\"0\" >\n\t\t<div class=\"vc_column-inner\" ><div class=\"column-image-bg-wrap column-bg-layer viewport-desktop\" data-n-parallax-bg=\"true\" data-parallax-speed=\"very_subtle\" data-bg-pos=\"center center\" data-bg-animation=\"zoom-out\" data-bg-overlay=\"false\"><div class=\"inner-wrap\"><div class=\"column-image-bg parallax-layer\" style=\" background-image: url('https:\/\/www.parcomontale.it\/wp-content\/uploads\/2025\/09\/visite-guidate-parco-montale.jpg'); \"><\/div><\/div><\/div><div class=\"column-bg-overlay-wrap column-bg-layer\" data-bg-animation=\"zoom-out\"><div class=\"column-bg-overlay\" style=\"opacity: 0.3; background-color: #1C3C30;\"><\/div><div class=\"column-overlay-layer\" style=\"background:linear-gradient(180deg, rgb(28,60,48) 0%, rgba(28,60,48,0.5) 13%, rgba(28,60,48,0.3) 59%, rgb(92,126,116) 100%);\"><\/div><\/div>\n\t\t\t<div class=\"wpb_wrapper\">\n\t\t\t\t<div class=\"divider-wrap\" data-alignment=\"default\"><div style=\"height: 80vh;\" class=\"divider\"><\/div><\/div>\n\t\t\t<\/div> \n\t\t<\/div>\n\t<\/div> \n<\/div><\/div>\n\t\t<div id=\"contenuto-intro\"  data-br=\"custom\" data-br-applies=\"bg\" data-column-margin=\"none\" data-midnight=\"dark\" data-bottom-percent=\"5%\"  class=\"wpb_row vc_row-fluid vc_row full-width-section has-row-bg-color vc_row-o-equal-height vc_row-flex vc_row-o-content-middle  bl_br_50px br_br_50px zindex-set\"  style=\"padding-top: 0px; padding-bottom: calc(100vw * 0.05);  z-index: 1;--row-bg-color: #5C7E74;\"><div class=\"row-bg-wrap\" data-bg-animation=\"none\" data-bg-animation-delay=\"\" data-bg-overlay=\"false\"><div class=\"inner-wrap row-bg-layer\" ><div class=\"row-bg viewport-desktop using-bg-color\"  style=\"background-color: #5C7E74; \"><\/div><\/div><\/div><div class=\"row_col_wrap_12 col span_12 dark left\">\n\t<div style=\"z-index: 30; \" class=\"vc_col-sm-12 wpb_column column_container vc_column_container col no-extra-padding column_position_relative inherit_tablet inherit_phone col-overflow-hidden\" data-using-bg=\"true\" data-border-radius=\"20px\" data-padding-pos=\"all\" data-has-bg-color=\"true\" data-bg-color=\"#FFFFFF\" data-bg-opacity=\"1\" data-animation=\"\" data-delay=\"0\" >\n\t\t<div class=\"vc_column-inner\" ><div class=\"column-bg-overlay-wrap column-bg-layer\" data-bg-animation=\"none\"><div class=\"column-bg-overlay\" style=\"opacity: 1; background-color: #FFFFFF;\"><\/div><\/div>\n\t\t\t<div class=\"wpb_wrapper\">\n\t\t\t\t<div id=\"fws_69e2f468af612\" data-midnight=\"\" data-column-margin=\"none\" class=\"wpb_row vc_row-fluid vc_row inner_row vc_row-o-equal-height vc_row-flex vc_row-o-content-middle\"  style=\" z-index: 5;\"><div class=\"row-bg-wrap\"> <div class=\"row-bg\" ><\/div> <\/div><div class=\"row_col_wrap_12_inner col span_12  left\">\n\t<div style=\"\" class=\"vc_col-sm-6 wpb_column column_container vc_column_container col child_column no-extra-padding inherit_tablet inherit_phone bg_img_front\"  data-using-bg=\"true\" data-bg-cover=\"true\" data-padding-pos=\"all\" data-has-bg-color=\"true\" data-bg-color=\"#DCE1E7\" data-bg-opacity=\"1\" data-animation=\"\" data-delay=\"0\" >\n\t\t<div class=\"vc_column-inner\" ><div class=\"column-image-bg-wrap column-bg-layer viewport-desktop\" data-bg-pos=\"center bottom\" data-bg-animation=\"zoom-out\" data-bg-overlay=\"false\"><div class=\"inner-wrap\"><div class=\"column-image-bg\" style=\"\" data-nectar-img-src=\"https:\/\/www.parcomontale.it\/wp-content\/uploads\/2026\/03\/per-le-scuole3.jpg\"><\/div><\/div><\/div><div class=\"column-bg-overlay-wrap column-bg-layer\" data-bg-animation=\"zoom-out\"><div class=\"column-bg-overlay\" style=\"opacity: 1; background-color: #DCE1E7;\"><\/div><\/div>\n\t\t<div class=\"wpb_wrapper\">\n\t\t\t<div class=\"divider-wrap\" data-alignment=\"default\"><div style=\"height: 50vh;\" class=\"divider\"><\/div><\/div>\n\t\t<\/div> \n\t<\/div>\n\t<\/div> \n\n\t<div  class=\"vc_col-sm-6 wpb_column column_container vc_column_container col child_column padding-5-percent inherit_tablet inherit_phone\"   data-padding-pos=\"all\" data-has-bg-color=\"false\" data-bg-color=\"\" data-bg-opacity=\"1\" data-animation=\"\" data-delay=\"0\" >\n\t\t<div class=\"vc_column-inner\" >\n\t\t<div class=\"wpb_wrapper\">\n\t\t\t\n<div class=\"wpb_text_column wpb_content_element\" >\n\t<h4>An der Stelle des alten Dorfes aus der Bronzezeit, dessen \u00dcberreste noch zu sehen sind, kann man eine der repr\u00e4sentativsten arch\u00e4ologischen Realit\u00e4ten unseres Gebiets und der europ\u00e4ischen Urgeschichte wiederentdecken.<\/h4>\n<h4>Dabei k\u00f6nnen die Schulen nicht nur die Atmosph\u00e4re von vor 3500 Jahren nachempfinden, sondern auch die Methoden der arch\u00e4ologischen Forschung kennen lernen, von der Ausgrabung \u00fcber die Analyse der Funde bis zur Rekonstruktion.<\/h4>\n<h4>Die von auf arch\u00e4ologische Disziplinen und experimentelle Aktivit\u00e4ten spezialisierten Veranstaltern durchgef\u00fchrten Routen f\u00fcr Schulen bieten zwar denselben Inhalt, aber je nach Schulstufe unterschiedliche Ans\u00e4tze und Modalit\u00e4ten.<\/h4>\n<\/div>\n\n\n\n\n\t\t<\/div> \n\t<\/div>\n\t<\/div> \n<\/div><\/div>\n\t\t\t<\/div> \n\t\t<\/div>\n\t<\/div> \n<\/div><\/div>\n\t\t<div id=\"attivita\"  data-column-margin=\"none\" data-midnight=\"dark\" data-top-percent=\"5%\" data-bottom-percent=\"10%\"  class=\"wpb_row vc_row-fluid vc_row full-width-section parallax_section\"  style=\"padding-top: calc(100vw * 0.05); padding-bottom: calc(100vw * 0.10); \"><div class=\"row-bg-wrap\" data-bg-animation=\"none\" data-bg-animation-delay=\"\" data-bg-overlay=\"false\"><div class=\"inner-wrap row-bg-layer using-image\" ><div class=\"row-bg viewport-desktop using-image no-cover\" data-parallax-speed=\"fast\" style=\"background-image: url(https:\/\/www.parcomontale.it\/wp-content\/uploads\/2026\/01\/bg2.png); background-position: center top; background-repeat: repeat; \"><\/div><\/div><\/div><div class=\"row_col_wrap_12 col span_12 dark left\">\n\t<div  class=\"vc_col-sm-12 wpb_column column_container vc_column_container col no-extra-padding inherit_tablet inherit_phone flex_gap_desktop_10px\"  data-padding-pos=\"all\" data-has-bg-color=\"false\" data-bg-color=\"\" data-bg-opacity=\"1\" data-animation=\"\" data-delay=\"0\" >\n\t\t<div class=\"vc_column-inner\" >\n\t\t\t<div class=\"wpb_wrapper\">\n\t\t\t\t\n<div class=\"wpb_text_column wpb_content_element\" >\n\t<h2><strong><span style=\"color: #ff4500;\">Aktivit\u00e4ten f\u00fcr Schulen<\/span><\/strong><\/h2>\n<\/div>\n\n\n\n<div class=\"divider-wrap\" data-alignment=\"default\"><div style=\"height: 5vh;\" class=\"divider\"><\/div><\/div><div id=\"fws_69e2f468afe58\" data-midnight=\"\" data-column-margin=\"custom\" class=\"wpb_row vc_row-fluid vc_row inner_row  column-margin-5vw\"  style=\"\"><div class=\"row-bg-wrap\"> <div class=\"row-bg\" ><\/div> <\/div><div class=\"row_col_wrap_12_inner col span_12  left\">\n\t<div style=\"\" class=\"vc_col-sm-6 wpb_column column_container vc_column_container col child_column el_spacing_20px\"  data-using-bg=\"true\" data-shadow=\"large_depth\" data-border-radius=\"20px\" data-padding-pos=\"all\" data-has-bg-color=\"true\" data-bg-color=\"#DCE1E7\" data-bg-opacity=\"1\" data-animation=\"\" data-delay=\"0\" >\n\t\t<div class=\"vc_column-inner\" ><div class=\"column-bg-overlay-wrap column-bg-layer\" data-bg-animation=\"none\"><div class=\"column-bg-overlay\" style=\"opacity: 1; background-color: #DCE1E7;\"><\/div><\/div>\n\t\t<div class=\"wpb_wrapper\">\n\t\t\t\n\t<div class=\"wpb_raw_code wpb_raw_html wpb_content_element vc_custom_1773418290646\" >\n\t\t<div class=\"wpb_wrapper\">\n\t\t\t<div class=\"wpb_text_column wpb_content_element  vc_custom_1773418070140\">\n\t<div class=\"col span_2 has-animation triggered-animation animated-in\" data-animation=\"none\" data-delay=\"0\" style=\"transform: none;\">\n<h1 style=\"text-align:center;\">01<\/h1>\n<p><\/p><\/div><div class=\"col span_10 col_last has-animation triggered-animation animated-in\" data-animation=\"none\" data-delay=\"0\" style=\"transform: none;\"><strong>EMPF\u00c4NGER:<\/strong><br>\nGrundschulen: Klassen 3, 4, 5 und Sekundarschulen: Klasse 1 <\/div><div class=\"clear\"><\/div>\n<\/div>\n\n\t\t<\/div>\n\t<\/div>\n<div class=\"nectar-fancy-box nectar-underline using-img  has-animation content-color-000000 aspect-16-9\"  data-style=\"image_above_text_underline\" data-border-radius=\"10px\" data-animation=\"fade-in-from-right\" data-delay=\"0\" data-alignment=\"left\"><div class=\"image-wrap\"><div class=\"box-bg\" role=\"presentation\"  data-nectar-img-src=\"https:\/\/www.parcomontale.it\/wp-content\/uploads\/2026\/02\/come-arrivare.jpg\"><\/div><\/div>\n\t\t<div class=\"text\">\n<h2>vor 3.500 Jahren<br \/>\nin der gro\u00dfen Ebene<\/h2>\n<\/div> <a  href=\"https:\/\/www.parcomontale.it\/de\/visita\/attivita-per-le-scuole\/3500-anni-fa-nella-grande-pianura\/\" class=\"box-link\"><\/a>\n\t\t<\/div>\n\t\t<\/div> \n\t<\/div>\n\t<\/div> \n\n\t<div style=\"margin-top: 15vh; \" class=\"vc_col-sm-6 wpb_column column_container vc_column_container col child_column no-extra-padding inherit_tablet inherit_phone\"  data-using-bg=\"true\" data-shadow=\"large_depth\" data-border-radius=\"20px\" data-padding-pos=\"all\" data-has-bg-color=\"true\" data-bg-color=\"#DCE1E7\" data-bg-opacity=\"1\" data-animation=\"\" data-delay=\"0\" >\n\t\t<div class=\"vc_column-inner\" ><div class=\"column-bg-overlay-wrap column-bg-layer\" data-bg-animation=\"none\"><div class=\"column-bg-overlay\" style=\"opacity: 1; background-color: #DCE1E7;\"><\/div><\/div>\n\t\t<div class=\"wpb_wrapper\">\n\t\t\t\n\t<div class=\"wpb_raw_code wpb_raw_html wpb_content_element vc_custom_1773418439142\" >\n\t\t<div class=\"wpb_wrapper\">\n\t\t\t<div class=\"wpb_text_column wpb_content_element  vc_custom_1773418070140\">\n\t<div class=\"col span_2 has-animation triggered-animation animated-in\" data-animation=\"none\" data-delay=\"0\" style=\"transform: none;\">\n<h1 style=\"text-align:center;\">02<\/h1>\n<p><\/p><\/div><div class=\"col span_10 col_last has-animation triggered-animation animated-in\" data-animation=\"none\" data-delay=\"0\" style=\"transform: none;\"><strong>EMPF\u00c4NGER:<\/strong><br>\nSekundarschulen: Klassen 1 und 2<\/div><div class=\"clear\"><\/div>\n<\/div>\n\t\t<\/div>\n\t<\/div>\n<div class=\"nectar-fancy-box nectar-underline using-img  has-animation content-color-000000 aspect-16-9\"  data-style=\"image_above_text_underline\" data-border-radius=\"10px\" data-animation=\"fade-in-from-right\" data-delay=\"0\" data-alignment=\"left\"><div class=\"image-wrap\"><div class=\"box-bg\" role=\"presentation\"  data-nectar-img-src=\"https:\/\/www.parcomontale.it\/wp-content\/uploads\/2026\/03\/scuole2.jpg\"><\/div><\/div>\n\t\t<div class=\"text\">\n<h2>Arch\u00e4ologie und<br \/>\nUmwelt<\/h2>\n<\/div> <a  href=\"https:\/\/www.parcomontale.it\/de\/visita\/attivita-per-le-scuole\/archeologia-e-ambiente-la-storia-insegna\/\" class=\"box-link\"><\/a>\n\t\t<\/div>\n\t\t<\/div> \n\t<\/div>\n\t<\/div> \n<\/div><\/div><div class=\"divider-wrap\" data-alignment=\"default\"><div style=\"height: 15vh;\" class=\"divider\"><\/div><\/div>\n\t\t\t<\/div> \n\t\t<\/div>\n\t<\/div> \n<\/div><\/div>","protected":false},"excerpt":{"rendered":"VISITAktivit\u00e4ten f\u00fcr Schulen Aktivit\u00e4ten f\u00fcr Schulen Aktivit\u00e4ten f\u00fcr die \u00d6ffentlichkeit Der Park f\u00fcr alle Virtuelle Rundg\u00e4nge Auf dem Gel\u00e4nde des alten bronzezeitlichen Dorfes...","protected":false},"author":1,"featured_media":0,"parent":660,"menu_order":0,"comment_status":"closed","ping_status":"closed","template":"","meta":{"inline_featured_image":false,"footnotes":""},"class_list":["post-1294","page","type-page","status-publish"],"yoast_head":"<!-- This site is optimized with the Yoast SEO plugin v27.3 - https:\/\/yoast.com\/product\/yoast-seo-wordpress\/ -->\n<title>Attivit\u00e0 per le scuole - Terramara di Montale: Parco Archeologico e Museo all&#039;aperto<\/title>\n<meta name=\"robots\" content=\"index, follow, max-snippet:-1, max-image-preview:large, max-video-preview:-1\" \/>\n<link rel=\"canonical\" href=\"https:\/\/www.parcomontale.it\/de\/visita\/attivita-per-le-scuole\/\" \/>\n<meta property=\"og:locale\" content=\"de_DE\" \/>\n<meta property=\"og:type\" content=\"article\" \/>\n<meta property=\"og:title\" content=\"Attivit\u00e0 per le scuole - Terramara di Montale: Parco Archeologico e Museo all&#039;aperto\" \/>\n<meta property=\"og:url\" content=\"https:\/\/www.parcomontale.it\/de\/visita\/attivita-per-le-scuole\/\" \/>\n<meta property=\"og:site_name\" content=\"Terramara di Montale: Parco Archeologico e Museo all&#039;aperto\" \/>\n<meta property=\"article:publisher\" content=\"https:\/\/www.facebook.com\/parcomontale\/\" \/>\n<meta property=\"article:modified_time\" content=\"2026-03-25T17:58:23+00:00\" \/>\n<meta name=\"twitter:card\" content=\"summary_large_image\" \/>\n<meta name=\"twitter:label1\" content=\"Gesch\u00e4tzte Lesezeit\" \/>\n\t<meta name=\"twitter:data1\" content=\"2\u00a0Minuten\" \/>\n<script type=\"application\/ld+json\" class=\"yoast-schema-graph\">{\"@context\":\"https:\\\/\\\/schema.org\",\"@graph\":[{\"@type\":\"WebPage\",\"@id\":\"https:\\\/\\\/www.parcomontale.it\\\/visita\\\/attivita-per-le-scuole\\\/\",\"url\":\"https:\\\/\\\/www.parcomontale.it\\\/visita\\\/attivita-per-le-scuole\\\/\",\"name\":\"Attivit\u00e0 per le scuole - Terramara di Montale: Parco Archeologico e Museo all&#039;aperto\",\"isPartOf\":{\"@id\":\"https:\\\/\\\/www.parcomontale.it\\\/#website\"},\"datePublished\":\"2026-02-26T08:34:55+00:00\",\"dateModified\":\"2026-03-25T17:58:23+00:00\",\"breadcrumb\":{\"@id\":\"https:\\\/\\\/www.parcomontale.it\\\/visita\\\/attivita-per-le-scuole\\\/#breadcrumb\"},\"inLanguage\":\"de\",\"potentialAction\":[{\"@type\":\"ReadAction\",\"target\":[\"https:\\\/\\\/www.parcomontale.it\\\/visita\\\/attivita-per-le-scuole\\\/\"]}]},{\"@type\":\"BreadcrumbList\",\"@id\":\"https:\\\/\\\/www.parcomontale.it\\\/visita\\\/attivita-per-le-scuole\\\/#breadcrumb\",\"itemListElement\":[{\"@type\":\"ListItem\",\"position\":1,\"name\":\"Home\",\"item\":\"https:\\\/\\\/www.parcomontale.it\\\/\"},{\"@type\":\"ListItem\",\"position\":2,\"name\":\"Visita\",\"item\":\"https:\\\/\\\/www.parcomontale.it\\\/visita\\\/\"},{\"@type\":\"ListItem\",\"position\":3,\"name\":\"Attivit\u00e0 per le scuole\"}]},{\"@type\":\"WebSite\",\"@id\":\"https:\\\/\\\/www.parcomontale.it\\\/#website\",\"url\":\"https:\\\/\\\/www.parcomontale.it\\\/\",\"name\":\"Terramara di Montale\",\"description\":\"Percorso multimediale\",\"publisher\":{\"@id\":\"https:\\\/\\\/www.parcomontale.it\\\/#organization\"},\"potentialAction\":[{\"@type\":\"SearchAction\",\"target\":{\"@type\":\"EntryPoint\",\"urlTemplate\":\"https:\\\/\\\/www.parcomontale.it\\\/?s={search_term_string}\"},\"query-input\":{\"@type\":\"PropertyValueSpecification\",\"valueRequired\":true,\"valueName\":\"search_term_string\"}}],\"inLanguage\":\"de\"},{\"@type\":\"Organization\",\"@id\":\"https:\\\/\\\/www.parcomontale.it\\\/#organization\",\"name\":\"Parco Archeologico e Museo all'aperto\",\"url\":\"https:\\\/\\\/www.parcomontale.it\\\/\",\"logo\":{\"@type\":\"ImageObject\",\"inLanguage\":\"de\",\"@id\":\"https:\\\/\\\/www.parcomontale.it\\\/#\\\/schema\\\/logo\\\/image\\\/\",\"url\":\"https:\\\/\\\/www.parcomontale.it\\\/wp-content\\\/uploads\\\/2025\\\/10\\\/logo-footer.png\",\"contentUrl\":\"https:\\\/\\\/www.parcomontale.it\\\/wp-content\\\/uploads\\\/2025\\\/10\\\/logo-footer.png\",\"width\":275,\"height\":82,\"caption\":\"Parco Archeologico e Museo all'aperto\"},\"image\":{\"@id\":\"https:\\\/\\\/www.parcomontale.it\\\/#\\\/schema\\\/logo\\\/image\\\/\"},\"sameAs\":[\"https:\\\/\\\/www.facebook.com\\\/parcomontale\\\/\",\"https:\\\/\\\/www.instagram.com\\\/parcomontale\\\/\"]}]}<\/script>\n<!-- \/ Yoast SEO plugin. -->","yoast_head_json":{"title":"Aktivit\u00e4ten f\u00fcr Schulen - Terramara di Montale: Arch\u00e4ologischer Park und Freilichtmuseum","robots":{"index":"index","follow":"follow","max-snippet":"max-snippet:-1","max-image-preview":"max-image-preview:large","max-video-preview":"max-video-preview:-1"},"canonical":"https:\/\/www.parcomontale.it\/de\/visita\/attivita-per-le-scuole\/","og_locale":"de_DE","og_type":"article","og_title":"Attivit\u00e0 per le scuole - Terramara di Montale: Parco Archeologico e Museo all&#039;aperto","og_url":"https:\/\/www.parcomontale.it\/de\/visita\/attivita-per-le-scuole\/","og_site_name":"Terramara di Montale: Parco Archeologico e Museo all&#039;aperto","article_publisher":"https:\/\/www.facebook.com\/parcomontale\/","article_modified_time":"2026-03-25T17:58:23+00:00","twitter_card":"summary_large_image","twitter_misc":{"Gesch\u00e4tzte Lesezeit":"2\u00a0Minuten"},"schema":{"@context":"https:\/\/schema.org","@graph":[{"@type":"WebPage","@id":"https:\/\/www.parcomontale.it\/visita\/attivita-per-le-scuole\/","url":"https:\/\/www.parcomontale.it\/visita\/attivita-per-le-scuole\/","name":"Aktivit\u00e4ten f\u00fcr Schulen - Terramara di Montale: Arch\u00e4ologischer Park und Freilichtmuseum","isPartOf":{"@id":"https:\/\/www.parcomontale.it\/#website"},"datePublished":"2026-02-26T08:34:55+00:00","dateModified":"2026-03-25T17:58:23+00:00","breadcrumb":{"@id":"https:\/\/www.parcomontale.it\/visita\/attivita-per-le-scuole\/#breadcrumb"},"inLanguage":"de","potentialAction":[{"@type":"ReadAction","target":["https:\/\/www.parcomontale.it\/visita\/attivita-per-le-scuole\/"]}]},{"@type":"BreadcrumbList","@id":"https:\/\/www.parcomontale.it\/visita\/attivita-per-le-scuole\/#breadcrumb","itemListElement":[{"@type":"ListItem","position":1,"name":"Home","item":"https:\/\/www.parcomontale.it\/"},{"@type":"ListItem","position":2,"name":"Visita","item":"https:\/\/www.parcomontale.it\/visita\/"},{"@type":"ListItem","position":3,"name":"Attivit\u00e0 per le scuole"}]},{"@type":"WebSite","@id":"https:\/\/www.parcomontale.it\/#website","url":"https:\/\/www.parcomontale.it\/","name":"Terramara von Montale","description":"Multimedia-Pfad","publisher":{"@id":"https:\/\/www.parcomontale.it\/#organization"},"potentialAction":[{"@type":"SearchAction","target":{"@type":"EntryPoint","urlTemplate":"https:\/\/www.parcomontale.it\/?s={search_term_string}"},"query-input":{"@type":"PropertyValueSpecification","valueRequired":true,"valueName":"search_term_string"}}],"inLanguage":"de"},{"@type":"Organization","@id":"https:\/\/www.parcomontale.it\/#organization","name":"Arch\u00e4ologischer Park und Freilichtmuseum","url":"https:\/\/www.parcomontale.it\/","logo":{"@type":"ImageObject","inLanguage":"de","@id":"https:\/\/www.parcomontale.it\/#\/schema\/logo\/image\/","url":"https:\/\/www.parcomontale.it\/wp-content\/uploads\/2025\/10\/logo-footer.png","contentUrl":"https:\/\/www.parcomontale.it\/wp-content\/uploads\/2025\/10\/logo-footer.png","width":275,"height":82,"caption":"Parco Archeologico e Museo all'aperto"},"image":{"@id":"https:\/\/www.parcomontale.it\/#\/schema\/logo\/image\/"},"sameAs":["https:\/\/www.facebook.com\/parcomontale\/","https:\/\/www.instagram.com\/parcomontale\/"]}]}},"_links":{"self":[{"href":"https:\/\/www.parcomontale.it\/de\/wp-json\/wp\/v2\/pages\/1294","targetHints":{"allow":["GET"]}}],"collection":[{"href":"https:\/\/www.parcomontale.it\/de\/wp-json\/wp\/v2\/pages"}],"about":[{"href":"https:\/\/www.parcomontale.it\/de\/wp-json\/wp\/v2\/types\/page"}],"author":[{"embeddable":true,"href":"https:\/\/www.parcomontale.it\/de\/wp-json\/wp\/v2\/users\/1"}],"replies":[{"embeddable":true,"href":"https:\/\/www.parcomontale.it\/de\/wp-json\/wp\/v2\/comments?post=1294"}],"version-history":[{"count":89,"href":"https:\/\/www.parcomontale.it\/de\/wp-json\/wp\/v2\/pages\/1294\/revisions"}],"predecessor-version":[{"id":2469,"href":"https:\/\/www.parcomontale.it\/de\/wp-json\/wp\/v2\/pages\/1294\/revisions\/2469"}],"up":[{"embeddable":true,"href":"https:\/\/www.parcomontale.it\/de\/wp-json\/wp\/v2\/pages\/660"}],"wp:attachment":[{"href":"https:\/\/www.parcomontale.it\/de\/wp-json\/wp\/v2\/media?parent=1294"}],"curies":[{"name":"wp","href":"https:\/\/api.w.org\/{rel}","templated":true}]}}