{"id":1304,"date":"2026-02-26T08:37:00","date_gmt":"2026-02-26T08:37:00","guid":{"rendered":"https:\/\/www.parcomontale.com\/?page_id=1304"},"modified":"2026-03-25T18:15:32","modified_gmt":"2026-03-25T18:15:32","slug":"prenotazioni-scolastiche","status":"publish","type":"page","link":"https:\/\/www.parcomontale.it\/es\/informazioni\/prenotazioni-scolastiche\/","title":{"rendered":"Reservas escolares"},"content":{"rendered":"<div id=\"fws_69e2f4bb0b65d\"  data-column-margin=\"default\" data-midnight=\"dark\"  class=\"wpb_row vc_row-fluid vc_row full-width-section parallax_section\"  style=\"padding-top: 0px; padding-bottom: 1000px; \"><div class=\"row-bg-wrap\" data-bg-animation=\"none\" data-bg-animation-delay=\"\" data-bg-overlay=\"false\"><div class=\"inner-wrap row-bg-layer using-image\" ><div class=\"row-bg viewport-desktop using-image no-cover\" data-parallax-speed=\"fast\" style=\"background-image: url(https:\/\/www.parcomontale.it\/wp-content\/uploads\/2026\/01\/bg2.png); background-position: center top; background-repeat: repeat; \"><\/div><\/div><\/div><div class=\"row_col_wrap_12 col span_12 dark left\">\n\t<div  class=\"vc_col-sm-12 wpb_column column_container vc_column_container col\"  data-overlay-color=\"true\" data-padding-pos=\"all\" data-has-bg-color=\"false\" data-bg-color=\"\" data-bg-opacity=\"1\" data-animation=\"\" data-delay=\"0\" >\n\t\t<div class=\"vc_column-inner\" ><div class=\"column-bg-overlay-wrap column-bg-layer\" data-bg-animation=\"none\"><div class=\"column-bg-overlay\"><\/div><div class=\"column-overlay-layer\" style=\"background-color:#1C3C3000;  opacity: 1; \"><\/div><\/div>\n\t\t\t<div class=\"wpb_wrapper\">\n\t\t\t\t<div id=\"fws_69e2f4bb0b9c7\" data-midnight=\"\" data-column-margin=\"default\" class=\"wpb_row vc_row-fluid vc_row inner_row\"  style=\"\"><div class=\"row-bg-wrap\"> <div class=\"row-bg\" ><\/div> <\/div><div class=\"row_col_wrap_12_inner col span_12  left\">\n\t<div style=\"\" class=\"vc_col-sm-12 wpb_column column_container vc_column_container col child_column no-extra-padding inherit_tablet inherit_phone bl_br_30px br_br_30px\"  data-using-bg=\"true\" data-padding-pos=\"all\" data-has-bg-color=\"true\" data-bg-color=\"#DCE1E7\" data-bg-opacity=\"1\" data-animation=\"\" data-delay=\"0\" >\n\t\t<div class=\"vc_column-inner\" ><div class=\"column-bg-overlay-wrap column-bg-layer\" data-bg-animation=\"none\"><div class=\"column-bg-overlay\" style=\"opacity: 1; background-color: #DCE1E7;\"><\/div><\/div>\n\t\t<div class=\"wpb_wrapper\">\n\t\t\t<div class=\"divider-wrap\" data-alignment=\"default\"><div style=\"height: 120px;\" class=\"divider\"><\/div><\/div>\n\t\t<\/div> \n\t<\/div>\n\t<\/div> \n<\/div><\/div>\n\t\t\t<\/div> \n\t\t<\/div>\n\t<\/div> \n<\/div><\/div>\n\t\t<div id=\"fws_69e2f4bb0bca4\"  data-br=\"custom\" data-br-applies=\"bg\" data-column-margin=\"default\" data-midnight=\"dark\"  class=\"wpb_row vc_row-fluid vc_row  top_margin_-900px bottom_margin_200px\"  style=\"padding-top: 0px; padding-bottom: 0px; \"><div class=\"row-bg-wrap\" data-bg-animation=\"none\" data-bg-animation-delay=\"\" data-bg-overlay=\"false\"><div class=\"inner-wrap row-bg-layer\" ><div class=\"row-bg viewport-desktop\"  style=\"\"><\/div><\/div><\/div><div class=\"row_col_wrap_12 col span_12 dark left\">\n\t<div style=\" color: #5C7E74;\" class=\"vc_col-sm-4 wpb_column column_container vc_column_container col nectar-sticky-column-css top_padding_desktop_100px\" data-cfc=\"true\"  data-border-radius=\"50px\" data-padding-pos=\"all\" data-has-bg-color=\"false\" data-bg-color=\"\" data-bg-opacity=\"1\" data-animation=\"\" data-delay=\"0\" >\n\t\t<div class=\"n-sticky\"><div class=\"vc_column-inner\" >\n\t\t\t<div class=\"wpb_wrapper\">\n\t\t\t\t<div class=\"iwithtext\"><div class=\"iwt-icon\"> <img decoding=\"async\" src=\"https:\/\/www.parcomontale.it\/wp-content\/uploads\/2026\/01\/icon-parco-montale2.png\" alt=\"\" \/> <\/div><div class=\"iwt-text\"> <strong>INFORMACI\u00d3N<\/strong><\/p>\n<h2><span style=\"color: #5c7e74;\"><strong>Reservas escolares<\/strong><\/span><\/h2>\n <\/div><div class=\"clear\"><\/div><\/div>\n<div class=\"wpb_text_column wpb_content_element\" >\n\t<p><a href=\"https:\/\/www.parcomontale.it\/es\/informazioni\/orari-e-prezzi\/\" aria-current=\"page\"><span class=\"menu-title-text\">Horarios y precios<\/span><\/a><\/p>\n<p><a href=\"https:\/\/www.parcomontale.it\/es\/informazioni\/prenotazioni-scolastiche\/\"><span class=\"menu-title-text\">\u2192 Reservas escolares<\/span><\/a><\/p>\n<p><a href=\"https:\/\/www.parcomontale.it\/es\/informazioni\/contatti\/\"><span class=\"menu-title-text\">P\u00f3ngase en contacto con<\/span><\/a><\/p>\n<p><a href=\"https:\/\/www.parcomontale.it\/es\/informazioni\/come-arrivare\/\"><span class=\"menu-title-text\">C\u00f3mo llegar<\/span><\/a><\/p>\n<p><a href=\"https:\/\/www.parcomontale.it\/es\/informazioni\/ospitalita-e-dintorni\/\"><span class=\"menu-title-text\">Hospitalidad y entorno<\/span><\/a><\/p>\n<\/div>\n\n\n\n\n\t\t\t<\/div> \n\t\t<\/div><\/div>\n\t<\/div> \n\n\t<div  class=\"vc_col-sm-8 wpb_column column_container vc_column_container col has-animation no-extra-padding inherit_tablet inherit_phone\"  data-padding-pos=\"all\" data-has-bg-color=\"false\" data-bg-color=\"\" data-bg-opacity=\"1\" data-animation=\"fade-in-from-bottom\" data-delay=\"0\" >\n\t\t<div class=\"vc_column-inner\" >\n\t\t\t<div class=\"wpb_wrapper\">\n\t\t\t\t<div id=\"fws_69e2f4bb0c2a0\" data-midnight=\"\" data-column-margin=\"none\" class=\"wpb_row vc_row-fluid vc_row inner_row  vc_custom_1773322895062\"  style=\" z-index: 1;\"><div class=\"row-bg-wrap\"> <div class=\"row-bg\" ><\/div> <\/div><div class=\"row_col_wrap_12_inner col span_12  left\">\n\t<div style=\"\" class=\"vc_col-sm-12 wpb_column column_container vc_column_container col child_column no-extra-padding inherit_tablet inherit_phone tl_br_20px tr_br_20px\"  data-using-bg=\"true\" data-bg-cover=\"true\" data-overlay-color=\"true\" data-padding-pos=\"all\" data-has-bg-color=\"false\" data-bg-color=\"\" data-bg-opacity=\"1\" data-animation=\"\" data-delay=\"0\" >\n\t\t<div class=\"vc_column-inner\" ><div class=\"column-image-bg-wrap column-bg-layer viewport-desktop\" data-n-parallax-bg=\"true\" data-parallax-speed=\"minimum\" data-bg-pos=\"center center\" data-bg-animation=\"none\" data-bg-overlay=\"true\"><div class=\"inner-wrap\"><div class=\"column-image-bg parallax-layer\" style=\"\" data-nectar-img-src=\"https:\/\/www.parcomontale.it\/wp-content\/uploads\/2026\/02\/prenotazioni-scolastiche.jpg\"><\/div><\/div><\/div><div class=\"column-bg-overlay-wrap column-bg-layer\" data-bg-animation=\"none\"><div class=\"column-bg-overlay\"><\/div><div class=\"column-overlay-layer\" style=\"background: #5C7E7482; background: radial-gradient(50% 50% at 50% 50%,#5C7E7482 0%,#5C7E74 100%);  opacity: 0.8; \"><\/div><\/div>\n\t\t<div class=\"wpb_wrapper\">\n\t\t\t<div class=\"divider-wrap\" data-alignment=\"default\"><div style=\"height: 50vh;\" class=\"divider\"><\/div><\/div>\n\t\t<\/div> \n\t<\/div>\n\t<\/div> \n<\/div><\/div><div id=\"fws_69e2f4bb0c6ab\" data-midnight=\"\" data-column-margin=\"none\" class=\"wpb_row vc_row-fluid vc_row inner_row  vc_custom_1773325722305 translate_y_-20px\"  style=\" z-index: 5;\"><div class=\"row-bg-wrap\"> <div class=\"row-bg\" ><\/div> <\/div><div class=\"row_col_wrap_12_inner col span_12  left\">\n\t<div style=\"\" class=\"vc_col-sm-12 wpb_column column_container vc_column_container col child_column padding-10-percent inherit_tablet inherit_phone\"  data-using-bg=\"true\" data-shadow=\"large_depth\" data-border-radius=\"20px\" data-padding-pos=\"all\" data-has-bg-color=\"true\" data-bg-color=\"#FFFFFF\" data-bg-opacity=\"1\" data-animation=\"\" data-delay=\"0\" >\n\t\t<div class=\"vc_column-inner\" ><div class=\"column-bg-overlay-wrap column-bg-layer\" data-bg-animation=\"none\"><div class=\"column-bg-overlay\" style=\"opacity: 1; background-color: #FFFFFF;\"><\/div><\/div>\n\t\t<div class=\"wpb_wrapper\">\n\t\t\t\n<div class=\"wpb_text_column wpb_content_element\" >\n\t<h6><span style=\"color: #ff4500;\"><strong>PARA LAS ESCUELAS<\/strong><\/span><\/h6>\n<h2><strong><span style=\"color: #ff4500;\">Reservas escolares<br \/>\n<\/span><\/strong><\/h2>\n<div id=\"content-core\">\n<div id=\"parent-fieldname-text\" class=\"\">\n<hr \/>\n<h2><\/h2>\n<h4>El Parque est\u00e1 abierto a los centros escolares previa cita de lunes a viernes, de septiembre a junio.<br \/>\nLas visitas corren a cargo de operadores especializados en disciplinas arqueol\u00f3gicas y actividades experimentales.<br \/>\nDuraci\u00f3n de la visita: 3 horas<\/h4>\n<h4>El recorrido transcurre en su mayor parte en interiores, s\u00f3lo los desplazamientos son al aire libre.<\/h4>\n<h4>Las habitaciones tienen calefacci\u00f3n, a excepci\u00f3n de las caba\u00f1as reconstruidas.<\/h4>\n<h4><\/h4>\n<\/div>\n<\/div>\n<\/div>\n\n\n\n<div class=\"divider-wrap\" data-alignment=\"default\"><div style=\"height: 5vh;\" class=\"divider\"><\/div><\/div>\n<div class=\"wpb_text_column wpb_content_element\" >\n\t<h2><strong><span style=\"color: #ff4500;\">Horario<br \/>\n<\/span><\/strong><\/h2>\n<div id=\"content-core\">\n<div id=\"parent-fieldname-text\" class=\"\">\n<hr \/>\n<h4>9-12 mediod\u00eda (10-13 para las escuelas no provinciales)<br \/>\n14-17 (los cursos de tarde se suspenden desde mediados de noviembre hasta finales de febrero)<\/h4>\n<\/div>\n<\/div>\n<\/div>\n\n\n\n<div class=\"divider-wrap\" data-alignment=\"default\"><div style=\"height: 5vh;\" class=\"divider\"><\/div><\/div>\n<div class=\"wpb_text_column wpb_content_element\" >\n\t<h2><strong><span style=\"color: #ff4500;\">Coste<br \/>\n<\/span><\/strong><\/h2>\n<div id=\"content-core\">\n<div id=\"parent-fieldname-text\" class=\"\">\n<hr \/>\n<h4>7,00 euros por estudiante.<br \/>\nEntrada gratuita para profesores (dos por clase), discapacitados y acompa\u00f1antes.<\/h4>\n<\/div>\n<\/div>\n<\/div>\n\n\n\n<div class=\"divider-wrap\" data-alignment=\"default\"><div style=\"height: 5vh;\" class=\"divider\"><\/div><\/div>\n<div class=\"wpb_text_column wpb_content_element\" >\n\t<h2><strong><span style=\"color: #ff4500;\">Informaci\u00f3n<br \/>\n<\/span><\/strong><\/h2>\n<div id=\"content-core\">\n<div id=\"parent-fieldname-text\" class=\"\">\n<hr \/>\n<h4>para profesores llamando al 335 8136948 de lunes a viernes, de 9.00 a 13.00 horas.<br \/>\nLos cursos se pueden reservar en l\u00ednea en <strong>lo siguiente\u00a0<a href=\"https:\/\/prenotazionerisorse.comune.modena.it\/prenotazionerisorse\/parcomontale.jsp\" target=\"_blank\" rel=\"noopener\">enlace<\/a><\/strong><\/h4>\n<hr \/>\n<h4><strong>PARA LAS ESCUELAS DEL MUNICIPIO DE MODENA<\/strong><\/h4>\n<ul>\n<li>\n<h4>la fecha del <strong>visita al\u00a0<a href=\"https:\/\/prenotazionerisorse.comune.modena.it\/prenotazionerisorse\/parcomontale.jsp\" target=\"_blank\" rel=\"noopener\">enlace<\/a><\/strong><\/h4>\n<\/li>\n<li>\n<h4>y registre la clase en<a href=\"https:\/\/mymemo.comune.modena.it\/\" target=\"_blank\" rel=\"noopener noreferrer\">\u00a0<\/a><strong><a href=\"https:\/\/mymemo.comune.modena.it\/\" target=\"_blank\" rel=\"noopener noreferrer\">mymemo.comune.modena.it\/\u00a0<\/a>(rutas 308 y 309)<\/strong><\/h4>\n<\/li>\n<\/ul>\n<hr \/>\n<h4><strong>ALMUERZO:<\/strong><\/h4>\n<ul>\n<li>\n<h4>En los espacios p\u00fablicos, la zona verde fuera del parque arqueol\u00f3gico est\u00e1 disponible.<\/h4>\n<\/li>\n<li>\n<h4>Disponibilidad del\u00a0<strong>Bar La Palafitta<\/strong>\u00a0para acomodar la clase en una zona equipada para almuerzos para llevar. Reserva obligatoria en el T. 059 6231429.<\/h4>\n<\/li>\n<\/ul>\n<\/div>\n<\/div>\n<\/div>\n\n\n\n\n\t\t<\/div> \n\t<\/div>\n\t<\/div> \n<\/div><\/div>\n\t\t\t<\/div> \n\t\t<\/div>\n\t<\/div> \n<\/div><\/div>","protected":false},"excerpt":{"rendered":"INFORMAZIONI Prenotazioni scolastiche Orari e prezzi \u2192 Prenotazioni scolastiche Contatti Come arrivare Ospitalit\u00e0 e dintorni PER LE SCUOLE Prenotazioni scolastiche Il Parco \u00e8 aperto alle scuole su prenotazione da luned\u00ec...","protected":false},"author":1,"featured_media":0,"parent":664,"menu_order":0,"comment_status":"closed","ping_status":"closed","template":"","meta":{"inline_featured_image":false,"footnotes":""},"class_list":["post-1304","page","type-page","status-publish"],"yoast_head":"<!-- This site is optimized with the Yoast SEO plugin v27.3 - https:\/\/yoast.com\/product\/yoast-seo-wordpress\/ -->\n<title>Prenotazioni scolastiche - Terramara di Montale: Parco Archeologico e Museo all&#039;aperto<\/title>\n<meta name=\"robots\" content=\"index, follow, max-snippet:-1, max-image-preview:large, max-video-preview:-1\" \/>\n<link rel=\"canonical\" href=\"https:\/\/www.parcomontale.it\/es\/informazioni\/prenotazioni-scolastiche\/\" \/>\n<meta property=\"og:locale\" content=\"es_ES\" \/>\n<meta property=\"og:type\" content=\"article\" \/>\n<meta property=\"og:title\" content=\"Prenotazioni scolastiche - Terramara di Montale: Parco Archeologico e Museo all&#039;aperto\" \/>\n<meta property=\"og:url\" content=\"https:\/\/www.parcomontale.it\/es\/informazioni\/prenotazioni-scolastiche\/\" \/>\n<meta property=\"og:site_name\" content=\"Terramara di Montale: Parco Archeologico e Museo all&#039;aperto\" \/>\n<meta property=\"article:publisher\" content=\"https:\/\/www.facebook.com\/parcomontale\/\" \/>\n<meta property=\"article:modified_time\" content=\"2026-03-25T18:15:32+00:00\" \/>\n<meta name=\"twitter:card\" content=\"summary_large_image\" \/>\n<meta name=\"twitter:label1\" content=\"Tiempo de lectura\" \/>\n\t<meta name=\"twitter:data1\" content=\"2 minutos\" \/>\n<script type=\"application\/ld+json\" class=\"yoast-schema-graph\">{\"@context\":\"https:\\\/\\\/schema.org\",\"@graph\":[{\"@type\":\"WebPage\",\"@id\":\"https:\\\/\\\/www.parcomontale.it\\\/informazioni\\\/prenotazioni-scolastiche\\\/\",\"url\":\"https:\\\/\\\/www.parcomontale.it\\\/informazioni\\\/prenotazioni-scolastiche\\\/\",\"name\":\"Prenotazioni scolastiche - Terramara di Montale: Parco Archeologico e Museo all&#039;aperto\",\"isPartOf\":{\"@id\":\"https:\\\/\\\/www.parcomontale.it\\\/#website\"},\"datePublished\":\"2026-02-26T08:37:00+00:00\",\"dateModified\":\"2026-03-25T18:15:32+00:00\",\"breadcrumb\":{\"@id\":\"https:\\\/\\\/www.parcomontale.it\\\/informazioni\\\/prenotazioni-scolastiche\\\/#breadcrumb\"},\"inLanguage\":\"es\",\"potentialAction\":[{\"@type\":\"ReadAction\",\"target\":[\"https:\\\/\\\/www.parcomontale.it\\\/informazioni\\\/prenotazioni-scolastiche\\\/\"]}]},{\"@type\":\"BreadcrumbList\",\"@id\":\"https:\\\/\\\/www.parcomontale.it\\\/informazioni\\\/prenotazioni-scolastiche\\\/#breadcrumb\",\"itemListElement\":[{\"@type\":\"ListItem\",\"position\":1,\"name\":\"Home\",\"item\":\"https:\\\/\\\/www.parcomontale.it\\\/\"},{\"@type\":\"ListItem\",\"position\":2,\"name\":\"Informazioni\",\"item\":\"https:\\\/\\\/www.parcomontale.it\\\/informazioni\\\/\"},{\"@type\":\"ListItem\",\"position\":3,\"name\":\"Prenotazioni scolastiche\"}]},{\"@type\":\"WebSite\",\"@id\":\"https:\\\/\\\/www.parcomontale.it\\\/#website\",\"url\":\"https:\\\/\\\/www.parcomontale.it\\\/\",\"name\":\"Terramara di Montale\",\"description\":\"Percorso multimediale\",\"publisher\":{\"@id\":\"https:\\\/\\\/www.parcomontale.it\\\/#organization\"},\"potentialAction\":[{\"@type\":\"SearchAction\",\"target\":{\"@type\":\"EntryPoint\",\"urlTemplate\":\"https:\\\/\\\/www.parcomontale.it\\\/?s={search_term_string}\"},\"query-input\":{\"@type\":\"PropertyValueSpecification\",\"valueRequired\":true,\"valueName\":\"search_term_string\"}}],\"inLanguage\":\"es\"},{\"@type\":\"Organization\",\"@id\":\"https:\\\/\\\/www.parcomontale.it\\\/#organization\",\"name\":\"Parco Archeologico e Museo all'aperto\",\"url\":\"https:\\\/\\\/www.parcomontale.it\\\/\",\"logo\":{\"@type\":\"ImageObject\",\"inLanguage\":\"es\",\"@id\":\"https:\\\/\\\/www.parcomontale.it\\\/#\\\/schema\\\/logo\\\/image\\\/\",\"url\":\"https:\\\/\\\/www.parcomontale.it\\\/wp-content\\\/uploads\\\/2025\\\/10\\\/logo-footer.png\",\"contentUrl\":\"https:\\\/\\\/www.parcomontale.it\\\/wp-content\\\/uploads\\\/2025\\\/10\\\/logo-footer.png\",\"width\":275,\"height\":82,\"caption\":\"Parco Archeologico e Museo all'aperto\"},\"image\":{\"@id\":\"https:\\\/\\\/www.parcomontale.it\\\/#\\\/schema\\\/logo\\\/image\\\/\"},\"sameAs\":[\"https:\\\/\\\/www.facebook.com\\\/parcomontale\\\/\",\"https:\\\/\\\/www.instagram.com\\\/parcomontale\\\/\"]}]}<\/script>\n<!-- \/ Yoast SEO plugin. -->","yoast_head_json":{"title":"Prenotazioni scolastiche - Terramara di Montale: Parco Archeologico e Museo all&#039;aperto","robots":{"index":"index","follow":"follow","max-snippet":"max-snippet:-1","max-image-preview":"max-image-preview:large","max-video-preview":"max-video-preview:-1"},"canonical":"https:\/\/www.parcomontale.it\/es\/informazioni\/prenotazioni-scolastiche\/","og_locale":"es_ES","og_type":"article","og_title":"Prenotazioni scolastiche - Terramara di Montale: Parco Archeologico e Museo all&#039;aperto","og_url":"https:\/\/www.parcomontale.it\/es\/informazioni\/prenotazioni-scolastiche\/","og_site_name":"Terramara di Montale: Parco Archeologico e Museo all&#039;aperto","article_publisher":"https:\/\/www.facebook.com\/parcomontale\/","article_modified_time":"2026-03-25T18:15:32+00:00","twitter_card":"summary_large_image","twitter_misc":{"Tiempo de lectura":"2 minutos"},"schema":{"@context":"https:\/\/schema.org","@graph":[{"@type":"WebPage","@id":"https:\/\/www.parcomontale.it\/informazioni\/prenotazioni-scolastiche\/","url":"https:\/\/www.parcomontale.it\/informazioni\/prenotazioni-scolastiche\/","name":"Prenotazioni scolastiche - Terramara di Montale: Parco Archeologico e Museo all&#039;aperto","isPartOf":{"@id":"https:\/\/www.parcomontale.it\/#website"},"datePublished":"2026-02-26T08:37:00+00:00","dateModified":"2026-03-25T18:15:32+00:00","breadcrumb":{"@id":"https:\/\/www.parcomontale.it\/informazioni\/prenotazioni-scolastiche\/#breadcrumb"},"inLanguage":"es","potentialAction":[{"@type":"ReadAction","target":["https:\/\/www.parcomontale.it\/informazioni\/prenotazioni-scolastiche\/"]}]},{"@type":"BreadcrumbList","@id":"https:\/\/www.parcomontale.it\/informazioni\/prenotazioni-scolastiche\/#breadcrumb","itemListElement":[{"@type":"ListItem","position":1,"name":"Home","item":"https:\/\/www.parcomontale.it\/"},{"@type":"ListItem","position":2,"name":"Informazioni","item":"https:\/\/www.parcomontale.it\/informazioni\/"},{"@type":"ListItem","position":3,"name":"Prenotazioni scolastiche"}]},{"@type":"WebSite","@id":"https:\/\/www.parcomontale.it\/#website","url":"https:\/\/www.parcomontale.it\/","name":"Terramara de Montale","description":"V\u00eda multimedia","publisher":{"@id":"https:\/\/www.parcomontale.it\/#organization"},"potentialAction":[{"@type":"SearchAction","target":{"@type":"EntryPoint","urlTemplate":"https:\/\/www.parcomontale.it\/?s={search_term_string}"},"query-input":{"@type":"PropertyValueSpecification","valueRequired":true,"valueName":"search_term_string"}}],"inLanguage":"es"},{"@type":"Organization","@id":"https:\/\/www.parcomontale.it\/#organization","name":"Parque arqueol\u00f3gico y museo al aire libre","url":"https:\/\/www.parcomontale.it\/","logo":{"@type":"ImageObject","inLanguage":"es","@id":"https:\/\/www.parcomontale.it\/#\/schema\/logo\/image\/","url":"https:\/\/www.parcomontale.it\/wp-content\/uploads\/2025\/10\/logo-footer.png","contentUrl":"https:\/\/www.parcomontale.it\/wp-content\/uploads\/2025\/10\/logo-footer.png","width":275,"height":82,"caption":"Parco Archeologico e Museo all'aperto"},"image":{"@id":"https:\/\/www.parcomontale.it\/#\/schema\/logo\/image\/"},"sameAs":["https:\/\/www.facebook.com\/parcomontale\/","https:\/\/www.instagram.com\/parcomontale\/"]}]}},"_links":{"self":[{"href":"https:\/\/www.parcomontale.it\/es\/wp-json\/wp\/v2\/pages\/1304","targetHints":{"allow":["GET"]}}],"collection":[{"href":"https:\/\/www.parcomontale.it\/es\/wp-json\/wp\/v2\/pages"}],"about":[{"href":"https:\/\/www.parcomontale.it\/es\/wp-json\/wp\/v2\/types\/page"}],"author":[{"embeddable":true,"href":"https:\/\/www.parcomontale.it\/es\/wp-json\/wp\/v2\/users\/1"}],"replies":[{"embeddable":true,"href":"https:\/\/www.parcomontale.it\/es\/wp-json\/wp\/v2\/comments?post=1304"}],"version-history":[{"count":52,"href":"https:\/\/www.parcomontale.it\/es\/wp-json\/wp\/v2\/pages\/1304\/revisions"}],"predecessor-version":[{"id":2480,"href":"https:\/\/www.parcomontale.it\/es\/wp-json\/wp\/v2\/pages\/1304\/revisions\/2480"}],"up":[{"embeddable":true,"href":"https:\/\/www.parcomontale.it\/es\/wp-json\/wp\/v2\/pages\/664"}],"wp:attachment":[{"href":"https:\/\/www.parcomontale.it\/es\/wp-json\/wp\/v2\/media?parent=1304"}],"curies":[{"name":"wp","href":"https:\/\/api.w.org\/{rel}","templated":true}]}}