{"id":1304,"date":"2026-02-26T08:37:00","date_gmt":"2026-02-26T08:37:00","guid":{"rendered":"https:\/\/www.parcomontale.com\/?page_id=1304"},"modified":"2026-03-25T18:15:32","modified_gmt":"2026-03-25T18:15:32","slug":"prenotazioni-scolastiche","status":"publish","type":"page","link":"https:\/\/www.parcomontale.it\/ja\/informazioni\/prenotazioni-scolastiche\/","title":{"rendered":"\u5b66\u6821\u4e88\u7d04"},"content":{"rendered":"<div id=\"fws_69e2f4bbea613\"  data-column-margin=\"default\" data-midnight=\"dark\"  class=\"wpb_row vc_row-fluid vc_row full-width-section parallax_section\"  style=\"padding-top: 0px; padding-bottom: 1000px; \"><div class=\"row-bg-wrap\" data-bg-animation=\"none\" data-bg-animation-delay=\"\" data-bg-overlay=\"false\"><div class=\"inner-wrap row-bg-layer using-image\" ><div class=\"row-bg viewport-desktop using-image no-cover\" data-parallax-speed=\"fast\" style=\"background-image: url(https:\/\/www.parcomontale.it\/wp-content\/uploads\/2026\/01\/bg2.png); background-position: center top; background-repeat: repeat; \"><\/div><\/div><\/div><div class=\"row_col_wrap_12 col span_12 dark left\">\n\t<div  class=\"vc_col-sm-12 wpb_column column_container vc_column_container col\"  data-overlay-color=\"true\" data-padding-pos=\"all\" data-has-bg-color=\"false\" data-bg-color=\"\" data-bg-opacity=\"1\" data-animation=\"\" data-delay=\"0\" >\n\t\t<div class=\"vc_column-inner\" ><div class=\"column-bg-overlay-wrap column-bg-layer\" data-bg-animation=\"none\"><div class=\"column-bg-overlay\"><\/div><div class=\"column-overlay-layer\" style=\"background-color:#1C3C3000;  opacity: 1; \"><\/div><\/div>\n\t\t\t<div class=\"wpb_wrapper\">\n\t\t\t\t<div id=\"fws_69e2f4bbea8c6\" data-midnight=\"\" data-column-margin=\"default\" class=\"wpb_row vc_row-fluid vc_row inner_row\"  style=\"\"><div class=\"row-bg-wrap\"> <div class=\"row-bg\" ><\/div> <\/div><div class=\"row_col_wrap_12_inner col span_12  left\">\n\t<div style=\"\" class=\"vc_col-sm-12 wpb_column column_container vc_column_container col child_column no-extra-padding inherit_tablet inherit_phone bl_br_30px br_br_30px\"  data-using-bg=\"true\" data-padding-pos=\"all\" data-has-bg-color=\"true\" data-bg-color=\"#DCE1E7\" data-bg-opacity=\"1\" data-animation=\"\" data-delay=\"0\" >\n\t\t<div class=\"vc_column-inner\" ><div class=\"column-bg-overlay-wrap column-bg-layer\" data-bg-animation=\"none\"><div class=\"column-bg-overlay\" style=\"opacity: 1; background-color: #DCE1E7;\"><\/div><\/div>\n\t\t<div class=\"wpb_wrapper\">\n\t\t\t<div class=\"divider-wrap\" data-alignment=\"default\"><div style=\"height: 120px;\" class=\"divider\"><\/div><\/div>\n\t\t<\/div> \n\t<\/div>\n\t<\/div> \n<\/div><\/div>\n\t\t\t<\/div> \n\t\t<\/div>\n\t<\/div> \n<\/div><\/div>\n\t\t<div id=\"fws_69e2f4bbeaad7\"  data-br=\"custom\" data-br-applies=\"bg\" data-column-margin=\"default\" data-midnight=\"dark\"  class=\"wpb_row vc_row-fluid vc_row  top_margin_-900px bottom_margin_200px\"  style=\"padding-top: 0px; padding-bottom: 0px; \"><div class=\"row-bg-wrap\" data-bg-animation=\"none\" data-bg-animation-delay=\"\" data-bg-overlay=\"false\"><div class=\"inner-wrap row-bg-layer\" ><div class=\"row-bg viewport-desktop\"  style=\"\"><\/div><\/div><\/div><div class=\"row_col_wrap_12 col span_12 dark left\">\n\t<div style=\" color: #5C7E74;\" class=\"vc_col-sm-4 wpb_column column_container vc_column_container col nectar-sticky-column-css top_padding_desktop_100px\" data-cfc=\"true\"  data-border-radius=\"50px\" data-padding-pos=\"all\" data-has-bg-color=\"false\" data-bg-color=\"\" data-bg-opacity=\"1\" data-animation=\"\" data-delay=\"0\" >\n\t\t<div class=\"n-sticky\"><div class=\"vc_column-inner\" >\n\t\t\t<div class=\"wpb_wrapper\">\n\t\t\t\t<div class=\"iwithtext\"><div class=\"iwt-icon\"> <img decoding=\"async\" src=\"https:\/\/www.parcomontale.it\/wp-content\/uploads\/2026\/01\/icon-parco-montale2.png\" alt=\"\" \/> <\/div><div class=\"iwt-text\"> <strong>\u30a4\u30f3\u30d5\u30a9\u30e1\u30fc\u30b7\u30e7\u30f3<\/strong><\/p>\n<h2><span style=\"color: #5c7e74;\"><strong>\u5b66\u6821\u4e88\u7d04<\/strong><\/span><\/h2>\n <\/div><div class=\"clear\"><\/div><\/div>\n<div class=\"wpb_text_column wpb_content_element\" >\n\t<p><a href=\"https:\/\/www.parcomontale.it\/ja\/informazioni\/orari-e-prezzi\/\" aria-current=\"page\"><span class=\"menu-title-text\">\u6642\u523b\u8868\u3068\u6599\u91d1<\/span><\/a><\/p>\n<p><a href=\"https:\/\/www.parcomontale.it\/ja\/informazioni\/prenotazioni-scolastiche\/\"><span class=\"menu-title-text\">\u2192 \u5b66\u6821\u4e88\u7d04<\/span><\/a><\/p>\n<p><a href=\"https:\/\/www.parcomontale.it\/ja\/informazioni\/contatti\/\"><span class=\"menu-title-text\">\u9023\u7d61\u5148<\/span><\/a><\/p>\n<p><a href=\"https:\/\/www.parcomontale.it\/ja\/informazioni\/come-arrivare\/\"><span class=\"menu-title-text\">\u30a2\u30af\u30bb\u30b9<\/span><\/a><\/p>\n<p><a href=\"https:\/\/www.parcomontale.it\/ja\/informazioni\/ospitalita-e-dintorni\/\"><span class=\"menu-title-text\">\u30db\u30b9\u30d4\u30bf\u30ea\u30c6\u30a3\u3068\u5468\u8fba\u74b0\u5883<\/span><\/a><\/p>\n<\/div>\n\n\n\n\n\t\t\t<\/div> \n\t\t<\/div><\/div>\n\t<\/div> \n\n\t<div  class=\"vc_col-sm-8 wpb_column column_container vc_column_container col has-animation no-extra-padding inherit_tablet inherit_phone\"  data-padding-pos=\"all\" data-has-bg-color=\"false\" data-bg-color=\"\" data-bg-opacity=\"1\" data-animation=\"fade-in-from-bottom\" data-delay=\"0\" >\n\t\t<div class=\"vc_column-inner\" >\n\t\t\t<div class=\"wpb_wrapper\">\n\t\t\t\t<div id=\"fws_69e2f4bbeaf3f\" data-midnight=\"\" data-column-margin=\"none\" class=\"wpb_row vc_row-fluid vc_row inner_row  vc_custom_1773322895062\"  style=\" z-index: 1;\"><div class=\"row-bg-wrap\"> <div class=\"row-bg\" ><\/div> <\/div><div class=\"row_col_wrap_12_inner col span_12  left\">\n\t<div style=\"\" class=\"vc_col-sm-12 wpb_column column_container vc_column_container col child_column no-extra-padding inherit_tablet inherit_phone tl_br_20px tr_br_20px\"  data-using-bg=\"true\" data-bg-cover=\"true\" data-overlay-color=\"true\" data-padding-pos=\"all\" data-has-bg-color=\"false\" data-bg-color=\"\" data-bg-opacity=\"1\" data-animation=\"\" data-delay=\"0\" >\n\t\t<div class=\"vc_column-inner\" ><div class=\"column-image-bg-wrap column-bg-layer viewport-desktop\" data-n-parallax-bg=\"true\" data-parallax-speed=\"minimum\" data-bg-pos=\"center center\" data-bg-animation=\"none\" data-bg-overlay=\"true\"><div class=\"inner-wrap\"><div class=\"column-image-bg parallax-layer\" style=\"\" data-nectar-img-src=\"https:\/\/www.parcomontale.it\/wp-content\/uploads\/2026\/02\/prenotazioni-scolastiche.jpg\"><\/div><\/div><\/div><div class=\"column-bg-overlay-wrap column-bg-layer\" data-bg-animation=\"none\"><div class=\"column-bg-overlay\"><\/div><div class=\"column-overlay-layer\" style=\"background: #5C7E7482; background: radial-gradient(50% 50% at 50% 50%,#5C7E7482 0%,#5C7E74 100%);  opacity: 0.8; \"><\/div><\/div>\n\t\t<div class=\"wpb_wrapper\">\n\t\t\t<div class=\"divider-wrap\" data-alignment=\"default\"><div style=\"height: 50vh;\" class=\"divider\"><\/div><\/div>\n\t\t<\/div> \n\t<\/div>\n\t<\/div> \n<\/div><\/div><div id=\"fws_69e2f4bbeb23c\" data-midnight=\"\" data-column-margin=\"none\" class=\"wpb_row vc_row-fluid vc_row inner_row  vc_custom_1773325722305 translate_y_-20px\"  style=\" z-index: 5;\"><div class=\"row-bg-wrap\"> <div class=\"row-bg\" ><\/div> <\/div><div class=\"row_col_wrap_12_inner col span_12  left\">\n\t<div style=\"\" class=\"vc_col-sm-12 wpb_column column_container vc_column_container col child_column padding-10-percent inherit_tablet inherit_phone\"  data-using-bg=\"true\" data-shadow=\"large_depth\" data-border-radius=\"20px\" data-padding-pos=\"all\" data-has-bg-color=\"true\" data-bg-color=\"#FFFFFF\" data-bg-opacity=\"1\" data-animation=\"\" data-delay=\"0\" >\n\t\t<div class=\"vc_column-inner\" ><div class=\"column-bg-overlay-wrap column-bg-layer\" data-bg-animation=\"none\"><div class=\"column-bg-overlay\" style=\"opacity: 1; background-color: #FFFFFF;\"><\/div><\/div>\n\t\t<div class=\"wpb_wrapper\">\n\t\t\t\n<div class=\"wpb_text_column wpb_content_element\" >\n\t<h6><span style=\"color: #ff4500;\"><strong>\u5b66\u6821\u5411\u3051<\/strong><\/span><\/h6>\n<h2><strong><span style=\"color: #ff4500;\">\u5b66\u6821\u4e88\u7d04<br \/>\n<\/span><\/strong><\/h2>\n<div id=\"content-core\">\n<div id=\"parent-fieldname-text\" class=\"\">\n<hr \/>\n<h2><\/h2>\n<h4>\u516c\u5712\u306f9\u6708\u304b\u30896\u6708\u307e\u3067\u306e\u6708\u66dc\u65e5\u304b\u3089\u91d1\u66dc\u65e5\u307e\u3067\u3001\u4e88\u7d04\u5236\u3067\u5b66\u6821\u306b\u958b\u653e\u3055\u308c\u3066\u3044\u308b\u3002.<br \/>\n\u898b\u5b66\u306f\u3001\u8003\u53e4\u5b66\u7684\u5206\u91ce\u3084\u5b9f\u9a13\u7684\u6d3b\u52d5\u3092\u5c02\u9580\u3068\u3059\u308b\u30aa\u30da\u30ec\u30fc\u30bf\u30fc\u306b\u3088\u3063\u3066\u884c\u308f\u308c\u308b\u3002.<br \/>\n\u6240\u8981\u6642\u9593\uff1a3\u6642\u9593<\/h4>\n<h4>\u30eb\u30fc\u30c8\u306f\u307b\u3068\u3093\u3069\u5c4b\u5185\u3067\u884c\u308f\u308c\u3001\u79fb\u52d5\u3060\u3051\u304c\u5c4b\u5916\u3060\u3002.<\/h4>\n<h4>\u518d\u5efa\u3055\u308c\u305f\u5c0f\u5c4b\u3092\u9664\u3044\u3066\u3001\u90e8\u5c4b\u306f\u6696\u623f\u3055\u308c\u3066\u3044\u308b\u3002.<\/h4>\n<h4><\/h4>\n<\/div>\n<\/div>\n<\/div>\n\n\n\n<div class=\"divider-wrap\" data-alignment=\"default\"><div style=\"height: 5vh;\" class=\"divider\"><\/div><\/div>\n<div class=\"wpb_text_column wpb_content_element\" >\n\t<h2><strong><span style=\"color: #ff4500;\">\u30bf\u30a4\u30e0\u30c6\u30fc\u30d6\u30eb<br \/>\n<\/span><\/strong><\/h2>\n<div id=\"content-core\">\n<div id=\"parent-fieldname-text\" class=\"\">\n<hr \/>\n<h4>\u6b63\u53489\uff5e12\u6642\uff08\u770c\u5916\u6821\u306f10\uff5e13\u6642\uff09<br \/>\n14\uff5e17\u65e5\uff08\u5348\u5f8c\u306e\u30b3\u30fc\u30b9\u306f11\u6708\u4e2d\u65ec\u304b\u30892\u6708\u672b\u307e\u3067\u4f11\u6b62\uff09<\/h4>\n<\/div>\n<\/div>\n<\/div>\n\n\n\n<div class=\"divider-wrap\" data-alignment=\"default\"><div style=\"height: 5vh;\" class=\"divider\"><\/div><\/div>\n<div class=\"wpb_text_column wpb_content_element\" >\n\t<h2><strong><span style=\"color: #ff4500;\">\u30b3\u30b9\u30c8<br \/>\n<\/span><\/strong><\/h2>\n<div id=\"content-core\">\n<div id=\"parent-fieldname-text\" class=\"\">\n<hr \/>\n<h4>\u751f\u5f921\u4eba\u306b\u3064\u304d7\u30e6\u30fc\u30ed\u3002.<br \/>\n\u6559\u54e1\uff081\u30af\u30e9\u30b92\u540d\u307e\u3067\uff09\u3001\u969c\u5bb3\u8005\u3001\u540c\u4f34\u8005\u306f\u5165\u5834\u7121\u6599\u3002.<\/h4>\n<\/div>\n<\/div>\n<\/div>\n\n\n\n<div class=\"divider-wrap\" data-alignment=\"default\"><div style=\"height: 5vh;\" class=\"divider\"><\/div><\/div>\n<div class=\"wpb_text_column wpb_content_element\" >\n\t<h2><strong><span style=\"color: #ff4500;\">\u30a4\u30f3\u30d5\u30a9\u30e1\u30fc\u30b7\u30e7\u30f3<br \/>\n<\/span><\/strong><\/h2>\n<div id=\"content-core\">\n<div id=\"parent-fieldname-text\" class=\"\">\n<hr \/>\n<h4>\u96fb\u8a71\uff1a335-8136948\uff08\u6708\uff5e\u91d1\u3001\u5348\u524d9\u6642\uff5e\u5348\u5f8c1\u6642\uff09\u3002.<br \/>\n\u6559\u80b2\u30b3\u30fc\u30b9\u306e\u30aa\u30f3\u30e9\u30a4\u30f3\u4e88\u7d04\u306f <strong>\u4ee5\u4e0b\u00a0<a href=\"https:\/\/prenotazionerisorse.comune.modena.it\/prenotazionerisorse\/parcomontale.jsp\" target=\"_blank\" rel=\"noopener\">\u30ea\u30f3\u30af<\/a><\/strong><\/h4>\n<hr \/>\n<h4><strong>\u30e2\u30c7\u30ca\u5e02\u306e\u5b66\u6821\u306e\u305f\u3081\u306b\uff1a<\/strong><\/h4>\n<ul>\n<li>\n<h4>\u65e5\u4ed8 <strong>\u3092\u8a2a\u554f\u3057\u305f\u3002\u00a0<a href=\"https:\/\/prenotazionerisorse.comune.modena.it\/prenotazionerisorse\/parcomontale.jsp\" target=\"_blank\" rel=\"noopener\">\u30ea\u30f3\u30af<\/a><\/strong><\/h4>\n<\/li>\n<li>\n<h4>\u306b\u767b\u9332\u3059\u308b\u3002<a href=\"https:\/\/mymemo.comune.modena.it\/\" target=\"_blank\" rel=\"noopener noreferrer\">\u00a0<\/a><strong><a href=\"https:\/\/mymemo.comune.modena.it\/\" target=\"_blank\" rel=\"noopener noreferrer\">mymemo.comune.modena.it\/\u00a0<\/a>(308\u53f7\u7dda\u3001309\u53f7\u7dda\uff09<\/strong><\/h4>\n<\/li>\n<\/ul>\n<hr \/>\n<h4><strong>\u663c\u98df\uff1a<\/strong><\/h4>\n<ul>\n<li>\n<h4>\u516c\u5171\u30b9\u30da\u30fc\u30b9\u3067\u306f\u3001\u8003\u53e4\u5b66\u516c\u5712\u306e\u5916\u306e\u7dd1\u5730\u304c\u5229\u7528\u3067\u304d\u308b\u3002.<\/h4>\n<\/li>\n<li>\n<h4>\u306e\u5229\u7528\u304c\u53ef\u80fd\u3067\u3042\u308b\u3002\u00a0<strong>\u30d0\u30fc\u30fb\u30e9\u30fb\u30d1\u30e9\u30d5\u30a3\u30c3\u30bf<\/strong>\u00a0\u304a\u5f01\u5f53\u7528\u306e\u8a2d\u5099\u304c\u6574\u3063\u3066\u3044\u307e\u3059\u3002059 6231429\u307e\u3067\u8981\u4e88\u7d04\u3002.<\/h4>\n<\/li>\n<\/ul>\n<\/div>\n<\/div>\n<\/div>\n\n\n\n\n\t\t<\/div> \n\t<\/div>\n\t<\/div> \n<\/div><\/div>\n\t\t\t<\/div> \n\t\t<\/div>\n\t<\/div> \n<\/div><\/div>","protected":false},"excerpt":{"rendered":"INFORMAZIONI Prenotazioni scolastiche Orari e prezzi \u2192 Prenotazioni scolastiche Contatti Come arrivare Ospitalit\u00e0 e dintorni PER LE SCUOLE Prenotazioni scolastiche Il Parco \u00e8 aperto alle scuole su prenotazione da luned\u00ec...","protected":false},"author":1,"featured_media":0,"parent":664,"menu_order":0,"comment_status":"closed","ping_status":"closed","template":"","meta":{"inline_featured_image":false,"footnotes":""},"class_list":["post-1304","page","type-page","status-publish"],"yoast_head":"<!-- This site is optimized with the Yoast SEO plugin v27.3 - https:\/\/yoast.com\/product\/yoast-seo-wordpress\/ -->\n<title>Prenotazioni scolastiche - Terramara di Montale: Parco Archeologico e Museo all&#039;aperto<\/title>\n<meta name=\"robots\" content=\"index, follow, max-snippet:-1, max-image-preview:large, max-video-preview:-1\" \/>\n<link rel=\"canonical\" href=\"https:\/\/www.parcomontale.it\/ja\/informazioni\/prenotazioni-scolastiche\/\" \/>\n<meta property=\"og:locale\" content=\"ja_JP\" \/>\n<meta property=\"og:type\" content=\"article\" \/>\n<meta property=\"og:title\" content=\"Prenotazioni scolastiche - Terramara di Montale: Parco Archeologico e Museo all&#039;aperto\" \/>\n<meta property=\"og:url\" content=\"https:\/\/www.parcomontale.it\/ja\/informazioni\/prenotazioni-scolastiche\/\" \/>\n<meta property=\"og:site_name\" content=\"Terramara di Montale: Parco Archeologico e Museo all&#039;aperto\" \/>\n<meta property=\"article:publisher\" content=\"https:\/\/www.facebook.com\/parcomontale\/\" \/>\n<meta property=\"article:modified_time\" content=\"2026-03-25T18:15:32+00:00\" \/>\n<meta name=\"twitter:card\" content=\"summary_large_image\" \/>\n<meta name=\"twitter:label1\" content=\"\u63a8\u5b9a\u8aad\u307f\u53d6\u308a\u6642\u9593\" \/>\n\t<meta name=\"twitter:data1\" content=\"2\u5206\" \/>\n<script type=\"application\/ld+json\" class=\"yoast-schema-graph\">{\"@context\":\"https:\\\/\\\/schema.org\",\"@graph\":[{\"@type\":\"WebPage\",\"@id\":\"https:\\\/\\\/www.parcomontale.it\\\/informazioni\\\/prenotazioni-scolastiche\\\/\",\"url\":\"https:\\\/\\\/www.parcomontale.it\\\/informazioni\\\/prenotazioni-scolastiche\\\/\",\"name\":\"Prenotazioni scolastiche - Terramara di Montale: Parco Archeologico e Museo all&#039;aperto\",\"isPartOf\":{\"@id\":\"https:\\\/\\\/www.parcomontale.it\\\/#website\"},\"datePublished\":\"2026-02-26T08:37:00+00:00\",\"dateModified\":\"2026-03-25T18:15:32+00:00\",\"breadcrumb\":{\"@id\":\"https:\\\/\\\/www.parcomontale.it\\\/informazioni\\\/prenotazioni-scolastiche\\\/#breadcrumb\"},\"inLanguage\":\"ja\",\"potentialAction\":[{\"@type\":\"ReadAction\",\"target\":[\"https:\\\/\\\/www.parcomontale.it\\\/informazioni\\\/prenotazioni-scolastiche\\\/\"]}]},{\"@type\":\"BreadcrumbList\",\"@id\":\"https:\\\/\\\/www.parcomontale.it\\\/informazioni\\\/prenotazioni-scolastiche\\\/#breadcrumb\",\"itemListElement\":[{\"@type\":\"ListItem\",\"position\":1,\"name\":\"Home\",\"item\":\"https:\\\/\\\/www.parcomontale.it\\\/\"},{\"@type\":\"ListItem\",\"position\":2,\"name\":\"Informazioni\",\"item\":\"https:\\\/\\\/www.parcomontale.it\\\/informazioni\\\/\"},{\"@type\":\"ListItem\",\"position\":3,\"name\":\"Prenotazioni scolastiche\"}]},{\"@type\":\"WebSite\",\"@id\":\"https:\\\/\\\/www.parcomontale.it\\\/#website\",\"url\":\"https:\\\/\\\/www.parcomontale.it\\\/\",\"name\":\"Terramara di Montale\",\"description\":\"Percorso multimediale\",\"publisher\":{\"@id\":\"https:\\\/\\\/www.parcomontale.it\\\/#organization\"},\"potentialAction\":[{\"@type\":\"SearchAction\",\"target\":{\"@type\":\"EntryPoint\",\"urlTemplate\":\"https:\\\/\\\/www.parcomontale.it\\\/?s={search_term_string}\"},\"query-input\":{\"@type\":\"PropertyValueSpecification\",\"valueRequired\":true,\"valueName\":\"search_term_string\"}}],\"inLanguage\":\"ja\"},{\"@type\":\"Organization\",\"@id\":\"https:\\\/\\\/www.parcomontale.it\\\/#organization\",\"name\":\"Parco Archeologico e Museo all'aperto\",\"url\":\"https:\\\/\\\/www.parcomontale.it\\\/\",\"logo\":{\"@type\":\"ImageObject\",\"inLanguage\":\"ja\",\"@id\":\"https:\\\/\\\/www.parcomontale.it\\\/#\\\/schema\\\/logo\\\/image\\\/\",\"url\":\"https:\\\/\\\/www.parcomontale.it\\\/wp-content\\\/uploads\\\/2025\\\/10\\\/logo-footer.png\",\"contentUrl\":\"https:\\\/\\\/www.parcomontale.it\\\/wp-content\\\/uploads\\\/2025\\\/10\\\/logo-footer.png\",\"width\":275,\"height\":82,\"caption\":\"Parco Archeologico e Museo all'aperto\"},\"image\":{\"@id\":\"https:\\\/\\\/www.parcomontale.it\\\/#\\\/schema\\\/logo\\\/image\\\/\"},\"sameAs\":[\"https:\\\/\\\/www.facebook.com\\\/parcomontale\\\/\",\"https:\\\/\\\/www.instagram.com\\\/parcomontale\\\/\"]}]}<\/script>\n<!-- \/ Yoast SEO plugin. -->","yoast_head_json":{"title":"Prenotazioni scolastiche - Terramara di Montale: Parco Archeologico e Museo all&#039;aperto","robots":{"index":"index","follow":"follow","max-snippet":"max-snippet:-1","max-image-preview":"max-image-preview:large","max-video-preview":"max-video-preview:-1"},"canonical":"https:\/\/www.parcomontale.it\/ja\/informazioni\/prenotazioni-scolastiche\/","og_locale":"ja_JP","og_type":"article","og_title":"Prenotazioni scolastiche - Terramara di Montale: Parco Archeologico e Museo all&#039;aperto","og_url":"https:\/\/www.parcomontale.it\/ja\/informazioni\/prenotazioni-scolastiche\/","og_site_name":"Terramara di Montale: Parco Archeologico e Museo all&#039;aperto","article_publisher":"https:\/\/www.facebook.com\/parcomontale\/","article_modified_time":"2026-03-25T18:15:32+00:00","twitter_card":"summary_large_image","twitter_misc":{"\u63a8\u5b9a\u8aad\u307f\u53d6\u308a\u6642\u9593":"2\u5206"},"schema":{"@context":"https:\/\/schema.org","@graph":[{"@type":"WebPage","@id":"https:\/\/www.parcomontale.it\/informazioni\/prenotazioni-scolastiche\/","url":"https:\/\/www.parcomontale.it\/informazioni\/prenotazioni-scolastiche\/","name":"Prenotazioni scolastiche - Terramara di Montale: Parco Archeologico e Museo all&#039;aperto","isPartOf":{"@id":"https:\/\/www.parcomontale.it\/#website"},"datePublished":"2026-02-26T08:37:00+00:00","dateModified":"2026-03-25T18:15:32+00:00","breadcrumb":{"@id":"https:\/\/www.parcomontale.it\/informazioni\/prenotazioni-scolastiche\/#breadcrumb"},"inLanguage":"ja","potentialAction":[{"@type":"ReadAction","target":["https:\/\/www.parcomontale.it\/informazioni\/prenotazioni-scolastiche\/"]}]},{"@type":"BreadcrumbList","@id":"https:\/\/www.parcomontale.it\/informazioni\/prenotazioni-scolastiche\/#breadcrumb","itemListElement":[{"@type":"ListItem","position":1,"name":"Home","item":"https:\/\/www.parcomontale.it\/"},{"@type":"ListItem","position":2,"name":"Informazioni","item":"https:\/\/www.parcomontale.it\/informazioni\/"},{"@type":"ListItem","position":3,"name":"Prenotazioni scolastiche"}]},{"@type":"WebSite","@id":"https:\/\/www.parcomontale.it\/#website","url":"https:\/\/www.parcomontale.it\/","name":"\u30e2\u30f3\u30bf\u30fc\u30ec\u306e\u30c6\u30c3\u30e9\u30de\u30fc\u30e9","description":"\u30de\u30eb\u30c1\u30e1\u30c7\u30a3\u30a2\u30fb\u30d1\u30b9\u30a6\u30a7\u30a4","publisher":{"@id":"https:\/\/www.parcomontale.it\/#organization"},"potentialAction":[{"@type":"SearchAction","target":{"@type":"EntryPoint","urlTemplate":"https:\/\/www.parcomontale.it\/?s={search_term_string}"},"query-input":{"@type":"PropertyValueSpecification","valueRequired":true,"valueName":"search_term_string"}}],"inLanguage":"ja"},{"@type":"Organization","@id":"https:\/\/www.parcomontale.it\/#organization","name":"\u8003\u53e4\u5b66\u516c\u5712\u3068\u91ce\u5916\u535a\u7269\u9928","url":"https:\/\/www.parcomontale.it\/","logo":{"@type":"ImageObject","inLanguage":"ja","@id":"https:\/\/www.parcomontale.it\/#\/schema\/logo\/image\/","url":"https:\/\/www.parcomontale.it\/wp-content\/uploads\/2025\/10\/logo-footer.png","contentUrl":"https:\/\/www.parcomontale.it\/wp-content\/uploads\/2025\/10\/logo-footer.png","width":275,"height":82,"caption":"Parco Archeologico e Museo all'aperto"},"image":{"@id":"https:\/\/www.parcomontale.it\/#\/schema\/logo\/image\/"},"sameAs":["https:\/\/www.facebook.com\/parcomontale\/","https:\/\/www.instagram.com\/parcomontale\/"]}]}},"_links":{"self":[{"href":"https:\/\/www.parcomontale.it\/ja\/wp-json\/wp\/v2\/pages\/1304","targetHints":{"allow":["GET"]}}],"collection":[{"href":"https:\/\/www.parcomontale.it\/ja\/wp-json\/wp\/v2\/pages"}],"about":[{"href":"https:\/\/www.parcomontale.it\/ja\/wp-json\/wp\/v2\/types\/page"}],"author":[{"embeddable":true,"href":"https:\/\/www.parcomontale.it\/ja\/wp-json\/wp\/v2\/users\/1"}],"replies":[{"embeddable":true,"href":"https:\/\/www.parcomontale.it\/ja\/wp-json\/wp\/v2\/comments?post=1304"}],"version-history":[{"count":52,"href":"https:\/\/www.parcomontale.it\/ja\/wp-json\/wp\/v2\/pages\/1304\/revisions"}],"predecessor-version":[{"id":2480,"href":"https:\/\/www.parcomontale.it\/ja\/wp-json\/wp\/v2\/pages\/1304\/revisions\/2480"}],"up":[{"embeddable":true,"href":"https:\/\/www.parcomontale.it\/ja\/wp-json\/wp\/v2\/pages\/664"}],"wp:attachment":[{"href":"https:\/\/www.parcomontale.it\/ja\/wp-json\/wp\/v2\/media?parent=1304"}],"curies":[{"name":"wp","href":"https:\/\/api.w.org\/{rel}","templated":true}]}}