{"id":1306,"date":"2026-02-26T08:37:19","date_gmt":"2026-02-26T08:37:19","guid":{"rendered":"https:\/\/www.parcomontale.com\/?page_id=1306"},"modified":"2026-03-25T18:24:06","modified_gmt":"2026-03-25T18:24:06","slug":"come-arrivare","status":"publish","type":"page","link":"https:\/\/www.parcomontale.it\/pt\/informazioni\/come-arrivare\/","title":{"rendered":"Como l\u00e1 chegar"},"content":{"rendered":"<div id=\"fws_69e2f44fc0425\"  data-column-margin=\"default\" data-midnight=\"dark\"  class=\"wpb_row vc_row-fluid vc_row full-width-section parallax_section\"  style=\"padding-top: 0px; padding-bottom: 1000px; \"><div class=\"row-bg-wrap\" data-bg-animation=\"none\" data-bg-animation-delay=\"\" data-bg-overlay=\"false\"><div class=\"inner-wrap row-bg-layer using-image\" ><div class=\"row-bg viewport-desktop using-image no-cover\" data-parallax-speed=\"fast\" style=\"background-image: url(https:\/\/www.parcomontale.it\/wp-content\/uploads\/2026\/01\/bg2.png); background-position: center top; background-repeat: repeat; \"><\/div><\/div><\/div><div class=\"row_col_wrap_12 col span_12 dark left\">\n\t<div  class=\"vc_col-sm-12 wpb_column column_container vc_column_container col\"  data-overlay-color=\"true\" data-padding-pos=\"all\" data-has-bg-color=\"false\" data-bg-color=\"\" data-bg-opacity=\"1\" data-animation=\"\" data-delay=\"0\" >\n\t\t<div class=\"vc_column-inner\" ><div class=\"column-bg-overlay-wrap column-bg-layer\" data-bg-animation=\"none\"><div class=\"column-bg-overlay\"><\/div><div class=\"column-overlay-layer\" style=\"background-color:#1C3C3000;  opacity: 1; \"><\/div><\/div>\n\t\t\t<div class=\"wpb_wrapper\">\n\t\t\t\t<div id=\"fws_69e2f44fc068c\" data-midnight=\"\" data-column-margin=\"default\" class=\"wpb_row vc_row-fluid vc_row inner_row\"  style=\"\"><div class=\"row-bg-wrap\"> <div class=\"row-bg\" ><\/div> <\/div><div class=\"row_col_wrap_12_inner col span_12  left\">\n\t<div style=\"\" class=\"vc_col-sm-12 wpb_column column_container vc_column_container col child_column no-extra-padding inherit_tablet inherit_phone bl_br_30px br_br_30px\"  data-using-bg=\"true\" data-padding-pos=\"all\" data-has-bg-color=\"true\" data-bg-color=\"#DCE1E7\" data-bg-opacity=\"1\" data-animation=\"\" data-delay=\"0\" >\n\t\t<div class=\"vc_column-inner\" ><div class=\"column-bg-overlay-wrap column-bg-layer\" data-bg-animation=\"none\"><div class=\"column-bg-overlay\" style=\"opacity: 1; background-color: #DCE1E7;\"><\/div><\/div>\n\t\t<div class=\"wpb_wrapper\">\n\t\t\t<div class=\"divider-wrap\" data-alignment=\"default\"><div style=\"height: 120px;\" class=\"divider\"><\/div><\/div>\n\t\t<\/div> \n\t<\/div>\n\t<\/div> \n<\/div><\/div>\n\t\t\t<\/div> \n\t\t<\/div>\n\t<\/div> \n<\/div><\/div>\n\t\t<div id=\"fws_69e2f44fc088b\"  data-br=\"custom\" data-br-applies=\"bg\" data-column-margin=\"default\" data-midnight=\"dark\"  class=\"wpb_row vc_row-fluid vc_row  top_margin_-900px bottom_margin_200px\"  style=\"padding-top: 0px; padding-bottom: 0px; \"><div class=\"row-bg-wrap\" data-bg-animation=\"none\" data-bg-animation-delay=\"\" data-bg-overlay=\"false\"><div class=\"inner-wrap row-bg-layer\" ><div class=\"row-bg viewport-desktop\"  style=\"\"><\/div><\/div><\/div><div class=\"row_col_wrap_12 col span_12 dark left\">\n\t<div style=\" color: #5C7E74;\" class=\"vc_col-sm-4 wpb_column column_container vc_column_container col nectar-sticky-column-css top_padding_desktop_100px\" data-cfc=\"true\"  data-border-radius=\"50px\" data-padding-pos=\"all\" data-has-bg-color=\"false\" data-bg-color=\"\" data-bg-opacity=\"1\" data-animation=\"\" data-delay=\"0\" >\n\t\t<div class=\"n-sticky\"><div class=\"vc_column-inner\" >\n\t\t\t<div class=\"wpb_wrapper\">\n\t\t\t\t<div class=\"iwithtext\"><div class=\"iwt-icon\"> <img decoding=\"async\" src=\"https:\/\/www.parcomontale.it\/wp-content\/uploads\/2026\/01\/icon-parco-montale2.png\" alt=\"\" \/> <\/div><div class=\"iwt-text\"> <strong>INFORMA\u00c7\u00d5ES<\/strong><\/p>\n<h2><span style=\"color: #5c7e74;\"><strong>Como l\u00e1 chegar<\/strong><\/span><\/h2>\n <\/div><div class=\"clear\"><\/div><\/div>\n<div class=\"wpb_text_column wpb_content_element\" >\n\t<p><a href=\"https:\/\/www.parcomontale.it\/pt\/informazioni\/orari-e-prezzi\/\" aria-current=\"page\"><span class=\"menu-title-text\">Hor\u00e1rios e pre\u00e7os<\/span><\/a><\/p>\n<p><a href=\"https:\/\/www.parcomontale.it\/pt\/informazioni\/prenotazioni-scolastiche\/\"><span class=\"menu-title-text\">Reservas de escolas<\/span><\/a><\/p>\n<p><a href=\"https:\/\/www.parcomontale.it\/pt\/informazioni\/contatti\/\"><span class=\"menu-title-text\">Contacto<\/span><\/a><\/p>\n<p><a href=\"https:\/\/www.parcomontale.it\/pt\/informazioni\/come-arrivare\/\"><span class=\"menu-title-text\">\u2192 Como l\u00e1 chegar<\/span><\/a><\/p>\n<p><a href=\"https:\/\/www.parcomontale.it\/pt\/informazioni\/ospitalita-e-dintorni\/\"><span class=\"menu-title-text\">Hospitalidade e ambiente<\/span><\/a><\/p>\n<\/div>\n\n\n\n\n\t\t\t<\/div> \n\t\t<\/div><\/div>\n\t<\/div> \n\n\t<div  class=\"vc_col-sm-8 wpb_column column_container vc_column_container col has-animation no-extra-padding inherit_tablet inherit_phone\"  data-padding-pos=\"all\" data-has-bg-color=\"false\" data-bg-color=\"\" data-bg-opacity=\"1\" data-animation=\"fade-in-from-bottom\" data-delay=\"0\" >\n\t\t<div class=\"vc_column-inner\" >\n\t\t\t<div class=\"wpb_wrapper\">\n\t\t\t\t<div id=\"fws_69e2f44fc0d62\" data-midnight=\"\" data-column-margin=\"none\" class=\"wpb_row vc_row-fluid vc_row inner_row  vc_custom_1773325463076\"  style=\" z-index: 1;\"><div class=\"row-bg-wrap\"> <div class=\"row-bg\" ><\/div> <\/div><div class=\"row_col_wrap_12_inner col span_12  left\">\n\t<div style=\"\" class=\"vc_col-sm-12 wpb_column column_container vc_column_container col child_column no-extra-padding inherit_tablet inherit_phone tl_br_20px tr_br_20px\"  data-using-bg=\"true\" data-bg-cover=\"true\" data-overlay-color=\"true\" data-padding-pos=\"all\" data-has-bg-color=\"false\" data-bg-color=\"\" data-bg-opacity=\"1\" data-animation=\"\" data-delay=\"0\" >\n\t\t<div class=\"vc_column-inner\" ><div class=\"column-image-bg-wrap column-bg-layer viewport-desktop\" data-n-parallax-bg=\"true\" data-parallax-speed=\"minimum\" data-bg-pos=\"center center\" data-bg-animation=\"none\" data-bg-overlay=\"true\"><div class=\"inner-wrap\"><div class=\"column-image-bg parallax-layer\" style=\"\" data-nectar-img-src=\"https:\/\/www.parcomontale.it\/wp-content\/uploads\/2026\/02\/come-arrivare3.jpg\"><\/div><\/div><\/div><div class=\"column-bg-overlay-wrap column-bg-layer\" data-bg-animation=\"none\"><div class=\"column-bg-overlay\"><\/div><div class=\"column-overlay-layer\" style=\"background: #5C7E7482; background: radial-gradient(50% 50% at 50% 50%,#5C7E7482 0%,#5C7E74 100%);  opacity: 0.8; \"><\/div><\/div>\n\t\t<div class=\"wpb_wrapper\">\n\t\t\t<div class=\"divider-wrap\" data-alignment=\"default\"><div style=\"height: 50vh;\" class=\"divider\"><\/div><\/div>\n\t\t<\/div> \n\t<\/div>\n\t<\/div> \n<\/div><\/div><div id=\"fws_69e2f44fc1036\" data-midnight=\"\" data-column-margin=\"none\" class=\"wpb_row vc_row-fluid vc_row inner_row  vc_custom_1759914572806\"  style=\" z-index: 5;\"><div class=\"row-bg-wrap\"> <div class=\"row-bg\" ><\/div> <\/div><div class=\"row_col_wrap_12_inner col span_12  left\">\n\t<div style=\"\" class=\"vc_col-sm-12 wpb_column column_container vc_column_container col child_column padding-10-percent inherit_tablet inherit_phone\"  data-using-bg=\"true\" data-shadow=\"large_depth\" data-border-radius=\"20px\" data-padding-pos=\"all\" data-has-bg-color=\"true\" data-bg-color=\"#FFFFFF\" data-bg-opacity=\"1\" data-animation=\"\" data-delay=\"0\" >\n\t\t<div class=\"vc_column-inner\" style=\"transform:  translateY(-20px);\"><div class=\"column-bg-overlay-wrap column-bg-layer\" data-bg-animation=\"none\"><div class=\"column-bg-overlay\" style=\"opacity: 1; background-color: #FFFFFF;\"><\/div><\/div>\n\t\t<div class=\"wpb_wrapper\">\n\t\t\t\n<div class=\"wpb_text_column wpb_content_element\" >\n\t<h6><span style=\"color: #ff4500;\"><strong>CHEGAR AO PARQUE<\/strong><\/span><\/h6>\n<h2><strong><span style=\"color: #ff4500;\">Como l\u00e1 chegar<\/span><\/strong><\/h2>\n<hr \/>\n<h4><strong>ENDERE\u00c7O:<\/strong><\/h4>\n<ul>\n<li>\n<h4><span style=\"font-size: 16px;\">Parque Arqueol\u00f3gico e Museu ao ar livre de Terramara di Montale<br \/>\nVia Vandelli (estrada nacional 12 - Nuova Estense)<br \/>\n41050 Montale Rangone (Modena)<br \/>\n44\u00b034\u201939.1 \u201dN 10\u00b054\u201934.0 \u201dE<\/span><\/h4>\n<\/li>\n<\/ul>\n<hr \/>\n<h4><strong>SA\u00cdDAS DE AUTO-ESTRADA:<\/strong><\/h4>\n<ul>\n<li>\n<h4><strong>Da sa\u00edda A1-Modena Sud:<\/strong>\u00a0dire\u00e7\u00e3o Modena, depois Tangenziale, ss.12, dire\u00e7\u00e3o Pavullo\/Abetone<\/h4>\n<\/li>\n<li>\n<h4><strong>Da sa\u00edda A1-Modena Norte:<\/strong>\u00a0Circunvala\u00e7\u00e3o, dire\u00e7\u00e3o Sassuolo, sa\u00edda 18, dire\u00e7\u00e3o Pavullo\/Abetone, depois ss.12, dire\u00e7\u00e3o Pavullo\/Abetone.<\/h4>\n<\/li>\n<\/ul>\n<hr \/>\n<h4 class=\"western\"><strong>\u00c1REA DE CAMPER:<\/strong><\/h4>\n<ul>\n<li class=\"western\">\n<h4>Dispon\u00edvel na Via Cristoforo Colombo 11 em Montale Rangone (<a id=\"coordinateScheda\" class=\"aFAI\" title=\"Ver mapa\" href=\"https:\/\/www.camperonline.it\/sosta-camper\/aree-di-sosta\/italia\/emilia-romagna\/area-camper-montale\/4058#mappaModal\">N 44.578680, E 10.906840<\/a>)<\/h4>\n<\/li>\n<\/ul>\n<hr \/>\n<h4 class=\"western\"><strong>T\u00c1XI:<\/strong><\/h4>\n<ul>\n<li class=\"western\">\n<h4>Liga\u00e7\u00e3o Modena-Montale <b>RADIO TAXI Cotamo<br \/>\n<\/b>Tel. 059374242 - 20 euros (at\u00e9 4 passageiros)<\/h4>\n<\/li>\n<\/ul>\n<\/div>\n\n\n\n<div id=\"map_69e2f44fc1359\" style=\"height: 500px;\" class=\"nectar-leaflet-map\" data-infowindow-start-open=\"\" data-dark-color-scheme=\"\" data-marker-style=\"nectar\" data-nectar-marker-color=\"extra-color-1\" data-ultra-flat=\"\" data-greyscale=\"\" data-extra-color=\"\" data-enable-animation=\"false\" data-enable-zoom=\"\" data-zoom-level=\"7\" data-center-lat=\"44.5774345\" data-center-lng=\"10.9096636\" data-marker-img=\"\"><\/div><div class=\"map_69e2f44fc1359 map-marker-list\"><div class=\"map-marker\" data-marker-image-width=\"50\" data-marker-image-height=\"50\" data-lat=\"44.5774345\" data-lng=\"10.9096636\" data-mapinfo=\"Parco Montale\"><\/div><\/div>\n\t\t<\/div> \n\t<\/div>\n\t<\/div> \n<\/div><\/div>\n\t\t\t<\/div> \n\t\t<\/div>\n\t<\/div> \n<\/div><\/div>","protected":false},"excerpt":{"rendered":"INFORMA\u00c7\u00d5ES Como chegar Hor\u00e1rios e pre\u00e7os Inscri\u00e7\u00f5es escolares Contactos \u2192 Como chegar Hospitalidade e arredores CHEGAR AO PARQUE Como chegar ENDERE\u00c7O: Parque Arqueol\u00f3gico e Museu ao ar livre de Terramara em Montale.","protected":false},"author":1,"featured_media":0,"parent":664,"menu_order":0,"comment_status":"closed","ping_status":"closed","template":"","meta":{"inline_featured_image":false,"footnotes":""},"class_list":["post-1306","page","type-page","status-publish"],"yoast_head":"<!-- This site is optimized with the Yoast SEO plugin v27.3 - https:\/\/yoast.com\/product\/yoast-seo-wordpress\/ -->\n<title>Come arrivare - Terramara di Montale: Parco Archeologico e Museo all&#039;aperto<\/title>\n<meta name=\"robots\" content=\"index, follow, max-snippet:-1, max-image-preview:large, max-video-preview:-1\" \/>\n<link rel=\"canonical\" href=\"https:\/\/www.parcomontale.it\/pt\/informazioni\/come-arrivare\/\" \/>\n<meta property=\"og:locale\" content=\"pt_PT\" \/>\n<meta property=\"og:type\" content=\"article\" \/>\n<meta property=\"og:title\" content=\"Come arrivare - Terramara di Montale: Parco Archeologico e Museo all&#039;aperto\" \/>\n<meta property=\"og:url\" content=\"https:\/\/www.parcomontale.it\/pt\/informazioni\/come-arrivare\/\" \/>\n<meta property=\"og:site_name\" content=\"Terramara di Montale: Parco Archeologico e Museo all&#039;aperto\" \/>\n<meta property=\"article:publisher\" content=\"https:\/\/www.facebook.com\/parcomontale\/\" \/>\n<meta property=\"article:modified_time\" content=\"2026-03-25T18:24:06+00:00\" \/>\n<meta name=\"twitter:card\" content=\"summary_large_image\" \/>\n<meta name=\"twitter:label1\" content=\"Tempo estimado de leitura\" \/>\n\t<meta name=\"twitter:data1\" content=\"2 minutos\" \/>\n<script type=\"application\/ld+json\" class=\"yoast-schema-graph\">{\"@context\":\"https:\\\/\\\/schema.org\",\"@graph\":[{\"@type\":\"WebPage\",\"@id\":\"https:\\\/\\\/www.parcomontale.it\\\/informazioni\\\/come-arrivare\\\/\",\"url\":\"https:\\\/\\\/www.parcomontale.it\\\/informazioni\\\/come-arrivare\\\/\",\"name\":\"Come arrivare - Terramara di Montale: Parco Archeologico e Museo all&#039;aperto\",\"isPartOf\":{\"@id\":\"https:\\\/\\\/www.parcomontale.it\\\/#website\"},\"datePublished\":\"2026-02-26T08:37:19+00:00\",\"dateModified\":\"2026-03-25T18:24:06+00:00\",\"breadcrumb\":{\"@id\":\"https:\\\/\\\/www.parcomontale.it\\\/informazioni\\\/come-arrivare\\\/#breadcrumb\"},\"inLanguage\":\"pt-PT\",\"potentialAction\":[{\"@type\":\"ReadAction\",\"target\":[\"https:\\\/\\\/www.parcomontale.it\\\/informazioni\\\/come-arrivare\\\/\"]}]},{\"@type\":\"BreadcrumbList\",\"@id\":\"https:\\\/\\\/www.parcomontale.it\\\/informazioni\\\/come-arrivare\\\/#breadcrumb\",\"itemListElement\":[{\"@type\":\"ListItem\",\"position\":1,\"name\":\"Home\",\"item\":\"https:\\\/\\\/www.parcomontale.it\\\/\"},{\"@type\":\"ListItem\",\"position\":2,\"name\":\"Informazioni\",\"item\":\"https:\\\/\\\/www.parcomontale.it\\\/informazioni\\\/\"},{\"@type\":\"ListItem\",\"position\":3,\"name\":\"Come arrivare\"}]},{\"@type\":\"WebSite\",\"@id\":\"https:\\\/\\\/www.parcomontale.it\\\/#website\",\"url\":\"https:\\\/\\\/www.parcomontale.it\\\/\",\"name\":\"Terramara di Montale\",\"description\":\"Percorso multimediale\",\"publisher\":{\"@id\":\"https:\\\/\\\/www.parcomontale.it\\\/#organization\"},\"potentialAction\":[{\"@type\":\"SearchAction\",\"target\":{\"@type\":\"EntryPoint\",\"urlTemplate\":\"https:\\\/\\\/www.parcomontale.it\\\/?s={search_term_string}\"},\"query-input\":{\"@type\":\"PropertyValueSpecification\",\"valueRequired\":true,\"valueName\":\"search_term_string\"}}],\"inLanguage\":\"pt-PT\"},{\"@type\":\"Organization\",\"@id\":\"https:\\\/\\\/www.parcomontale.it\\\/#organization\",\"name\":\"Parco Archeologico e Museo all'aperto\",\"url\":\"https:\\\/\\\/www.parcomontale.it\\\/\",\"logo\":{\"@type\":\"ImageObject\",\"inLanguage\":\"pt-PT\",\"@id\":\"https:\\\/\\\/www.parcomontale.it\\\/#\\\/schema\\\/logo\\\/image\\\/\",\"url\":\"https:\\\/\\\/www.parcomontale.it\\\/wp-content\\\/uploads\\\/2025\\\/10\\\/logo-footer.png\",\"contentUrl\":\"https:\\\/\\\/www.parcomontale.it\\\/wp-content\\\/uploads\\\/2025\\\/10\\\/logo-footer.png\",\"width\":275,\"height\":82,\"caption\":\"Parco Archeologico e Museo all'aperto\"},\"image\":{\"@id\":\"https:\\\/\\\/www.parcomontale.it\\\/#\\\/schema\\\/logo\\\/image\\\/\"},\"sameAs\":[\"https:\\\/\\\/www.facebook.com\\\/parcomontale\\\/\",\"https:\\\/\\\/www.instagram.com\\\/parcomontale\\\/\"]}]}<\/script>\n<!-- \/ Yoast SEO plugin. -->","yoast_head_json":{"title":"Como l\u00e1 chegar - Terramara di Montale: Parque Arqueol\u00f3gico e Museu ao Ar Livre","robots":{"index":"index","follow":"follow","max-snippet":"max-snippet:-1","max-image-preview":"max-image-preview:large","max-video-preview":"max-video-preview:-1"},"canonical":"https:\/\/www.parcomontale.it\/pt\/informazioni\/come-arrivare\/","og_locale":"pt_PT","og_type":"article","og_title":"Come arrivare - Terramara di Montale: Parco Archeologico e Museo all&#039;aperto","og_url":"https:\/\/www.parcomontale.it\/pt\/informazioni\/come-arrivare\/","og_site_name":"Terramara di Montale: Parco Archeologico e Museo all&#039;aperto","article_publisher":"https:\/\/www.facebook.com\/parcomontale\/","article_modified_time":"2026-03-25T18:24:06+00:00","twitter_card":"summary_large_image","twitter_misc":{"Tempo estimado de leitura":"2 minutos"},"schema":{"@context":"https:\/\/schema.org","@graph":[{"@type":"WebPage","@id":"https:\/\/www.parcomontale.it\/informazioni\/come-arrivare\/","url":"https:\/\/www.parcomontale.it\/informazioni\/come-arrivare\/","name":"Como l\u00e1 chegar - Terramara di Montale: Parque Arqueol\u00f3gico e Museu ao Ar Livre","isPartOf":{"@id":"https:\/\/www.parcomontale.it\/#website"},"datePublished":"2026-02-26T08:37:19+00:00","dateModified":"2026-03-25T18:24:06+00:00","breadcrumb":{"@id":"https:\/\/www.parcomontale.it\/informazioni\/come-arrivare\/#breadcrumb"},"inLanguage":"pt-PT","potentialAction":[{"@type":"ReadAction","target":["https:\/\/www.parcomontale.it\/informazioni\/come-arrivare\/"]}]},{"@type":"BreadcrumbList","@id":"https:\/\/www.parcomontale.it\/informazioni\/come-arrivare\/#breadcrumb","itemListElement":[{"@type":"ListItem","position":1,"name":"Home","item":"https:\/\/www.parcomontale.it\/"},{"@type":"ListItem","position":2,"name":"Informazioni","item":"https:\/\/www.parcomontale.it\/informazioni\/"},{"@type":"ListItem","position":3,"name":"Come arrivare"}]},{"@type":"WebSite","@id":"https:\/\/www.parcomontale.it\/#website","url":"https:\/\/www.parcomontale.it\/","name":"Terramara de Montale","description":"Percurso multim\u00e9dia","publisher":{"@id":"https:\/\/www.parcomontale.it\/#organization"},"potentialAction":[{"@type":"SearchAction","target":{"@type":"EntryPoint","urlTemplate":"https:\/\/www.parcomontale.it\/?s={search_term_string}"},"query-input":{"@type":"PropertyValueSpecification","valueRequired":true,"valueName":"search_term_string"}}],"inLanguage":"pt-PT"},{"@type":"Organization","@id":"https:\/\/www.parcomontale.it\/#organization","name":"Parque Arqueol\u00f3gico e Museu ao ar livre","url":"https:\/\/www.parcomontale.it\/","logo":{"@type":"ImageObject","inLanguage":"pt-PT","@id":"https:\/\/www.parcomontale.it\/#\/schema\/logo\/image\/","url":"https:\/\/www.parcomontale.it\/wp-content\/uploads\/2025\/10\/logo-footer.png","contentUrl":"https:\/\/www.parcomontale.it\/wp-content\/uploads\/2025\/10\/logo-footer.png","width":275,"height":82,"caption":"Parco Archeologico e Museo all'aperto"},"image":{"@id":"https:\/\/www.parcomontale.it\/#\/schema\/logo\/image\/"},"sameAs":["https:\/\/www.facebook.com\/parcomontale\/","https:\/\/www.instagram.com\/parcomontale\/"]}]}},"_links":{"self":[{"href":"https:\/\/www.parcomontale.it\/pt\/wp-json\/wp\/v2\/pages\/1306","targetHints":{"allow":["GET"]}}],"collection":[{"href":"https:\/\/www.parcomontale.it\/pt\/wp-json\/wp\/v2\/pages"}],"about":[{"href":"https:\/\/www.parcomontale.it\/pt\/wp-json\/wp\/v2\/types\/page"}],"author":[{"embeddable":true,"href":"https:\/\/www.parcomontale.it\/pt\/wp-json\/wp\/v2\/users\/1"}],"replies":[{"embeddable":true,"href":"https:\/\/www.parcomontale.it\/pt\/wp-json\/wp\/v2\/comments?post=1306"}],"version-history":[{"count":18,"href":"https:\/\/www.parcomontale.it\/pt\/wp-json\/wp\/v2\/pages\/1306\/revisions"}],"predecessor-version":[{"id":2489,"href":"https:\/\/www.parcomontale.it\/pt\/wp-json\/wp\/v2\/pages\/1306\/revisions\/2489"}],"up":[{"embeddable":true,"href":"https:\/\/www.parcomontale.it\/pt\/wp-json\/wp\/v2\/pages\/664"}],"wp:attachment":[{"href":"https:\/\/www.parcomontale.it\/pt\/wp-json\/wp\/v2\/media?parent=1306"}],"curies":[{"name":"wp","href":"https:\/\/api.w.org\/{rel}","templated":true}]}}