{"id":667,"date":"2025-06-24T13:43:04","date_gmt":"2025-06-24T13:43:04","guid":{"rendered":"https:\/\/www.parcomontale.com\/?page_id=667"},"modified":"2026-03-24T14:09:31","modified_gmt":"2026-03-24T14:09:31","slug":"prenotazioni","status":"publish","type":"page","link":"https:\/\/www.parcomontale.it\/pt\/prenotazioni\/","title":{"rendered":"Reservas"},"content":{"rendered":"<div id=\"fws_69e2f1738873d\"  data-column-margin=\"default\" data-midnight=\"dark\"  class=\"wpb_row vc_row-fluid vc_row full-width-section parallax_section\"  style=\"padding-top: 0px; padding-bottom: 1000px; \"><div class=\"row-bg-wrap\" data-bg-animation=\"none\" data-bg-animation-delay=\"\" data-bg-overlay=\"false\"><div class=\"inner-wrap row-bg-layer using-image\" ><div class=\"row-bg viewport-desktop using-image no-cover\" data-parallax-speed=\"fast\" style=\"background-image: url(https:\/\/www.parcomontale.it\/wp-content\/uploads\/2026\/01\/bg2.png); background-position: center top; background-repeat: repeat; \"><\/div><\/div><\/div><div class=\"row_col_wrap_12 col span_12 dark left\">\n\t<div  class=\"vc_col-sm-12 wpb_column column_container vc_column_container col\"  data-overlay-color=\"true\" data-padding-pos=\"all\" data-has-bg-color=\"false\" data-bg-color=\"\" data-bg-opacity=\"1\" data-animation=\"\" data-delay=\"0\" >\n\t\t<div class=\"vc_column-inner\" ><div class=\"column-bg-overlay-wrap column-bg-layer\" data-bg-animation=\"none\"><div class=\"column-bg-overlay\"><\/div><div class=\"column-overlay-layer\" style=\"background-color:#1C3C3000;  opacity: 1; \"><\/div><\/div>\n\t\t\t<div class=\"wpb_wrapper\">\n\t\t\t\t<div id=\"fws_69e2f17388a71\" data-midnight=\"\" data-column-margin=\"default\" class=\"wpb_row vc_row-fluid vc_row inner_row\"  style=\"\"><div class=\"row-bg-wrap\"> <div class=\"row-bg\" ><\/div> <\/div><div class=\"row_col_wrap_12_inner col span_12  left\">\n\t<div  class=\"vc_col-sm-12 wpb_column column_container vc_column_container col child_column no-extra-padding inherit_tablet inherit_phone bl_br_30px br_br_30px\"   data-padding-pos=\"all\" data-has-bg-color=\"false\" data-bg-color=\"\" data-bg-opacity=\"1\" data-animation=\"\" data-delay=\"0\" >\n\t\t<div class=\"vc_column-inner\" >\n\t\t<div class=\"wpb_wrapper\">\n\t\t\t<div class=\"divider-wrap\" data-alignment=\"default\"><div style=\"height: 120px;\" class=\"divider\"><\/div><\/div>\n\t\t<\/div> \n\t<\/div>\n\t<\/div> \n<\/div><\/div>\n\t\t\t<\/div> \n\t\t<\/div>\n\t<\/div> \n<\/div><\/div>\n\t\t<div id=\"fws_69e2f17388ca4\"  data-br=\"custom\" data-br-applies=\"bg\" data-column-margin=\"default\" data-midnight=\"light\"  class=\"wpb_row vc_row-fluid vc_row  top_margin_-950px\"  style=\"padding-top: 0px; padding-bottom: 0px; \"><div class=\"row-bg-wrap\" data-bg-animation=\"none\" data-bg-animation-delay=\"\" data-bg-overlay=\"false\"><div class=\"inner-wrap row-bg-layer\" ><div class=\"row-bg viewport-desktop\"  style=\"\"><\/div><\/div><\/div><div class=\"row_col_wrap_12 col span_12 light left\">\n\t<div  class=\"vc_col-sm-12 wpb_column column_container vc_column_container col has-animation no-extra-padding inherit_tablet inherit_phone\"  data-padding-pos=\"all\" data-has-bg-color=\"false\" data-bg-color=\"\" data-bg-opacity=\"1\" data-animation=\"fade-in-from-bottom\" data-delay=\"0\" >\n\t\t<div class=\"vc_column-inner\" >\n\t\t\t<div class=\"wpb_wrapper\">\n\t\t\t\t<div id=\"c4\" data-midnight=\"\" data-column-margin=\"custom\" class=\"wpb_row vc_row-fluid vc_row inner_row vc_row-o-equal-height vc_row-flex vc_row-o-content-top column-margin-3vw\"  style=\" z-index: 99;\"><div class=\"row-bg-wrap\"> <div class=\"row-bg\" ><\/div> <\/div><div class=\"row_col_wrap_12_inner col span_12  left\">\n\t<div style=\" color: #FFFFFF;margin-top: -50px; \" class=\"vc_col-sm-12 wpb_column column_container vc_column_container col child_column neg-marg tl_br_30px tr_br_30px bl_br_30px br_br_30px left_padding_desktop_6pct top_padding_desktop_50px right_padding_desktop_6pct bottom_padding_desktop_50px\" data-cfc=\"true\" data-using-bg=\"true\" data-padding-pos=\"all\" data-has-bg-color=\"true\" data-bg-color=\"#FF4500\" data-bg-opacity=\"1\" data-animation=\"\" data-delay=\"0\" >\n\t\t<div class=\"vc_column-inner\" ><div class=\"column-bg-overlay-wrap column-bg-layer\" data-bg-animation=\"zoom-out\"><div class=\"column-bg-overlay\" style=\"opacity: 1; background-color: #FF4500;\"><\/div><\/div>\n\t\t<div class=\"wpb_wrapper\">\n\t\t\t\n<div class=\"wpb_text_column wpb_content_element\" >\n\t<h6><strong>04. RESERVA<\/strong><\/h6>\n<h1><strong>Marque j\u00e1 a sua visita<\/strong><\/h1>\n<h4><\/h4>\n<\/div>\n\n\n\n<div class=\"divider-wrap\" data-alignment=\"default\"><div style=\"margin-top: 2vh; height: 1px; margin-bottom: 2vh;\" data-width=\"100%\" data-animate=\"\" data-animation-delay=\"\" data-color=\"default\" class=\"divider-border\"><\/div><\/div>\n<div class=\"wpb_text_column wpb_content_element\" >\n\t<div class=\"col span_2 has-animation\" data-animation=\"none\" data-delay=\"0\"><i class=\"fa fa-ticket\" style=\"font-size: 7vw;\" aria-hidden=\"true\"><\/i><\/div><div class=\"col span_10 col_last has-animation\" data-animation=\"none\" data-delay=\"0\"><\/p>\n<h4><strong>RESERVA ONLINE:<\/strong><\/h4>\n<h4>\u00c9 poss\u00edvel efetuar a reserva em linha dos cursos de forma\u00e7\u00e3o na seguinte liga\u00e7\u00e3o:<br \/>\n<span style=\"color: #ffffff;\"><strong><a style=\"color: #ffffff;\" title=\"Reservas em linha para escolas\" href=\"https:\/\/prenotazionerisorse.comune.modena.it\/prenotazionerisorse\/parcomontale.jsp\" target=\"_blank\" rel=\"noopener\"><i class=\"fa fa-link\" aria-hidden=\"true\"> https:\/\/prenotazionerisorse.comune.modena.it\/prenotazionerisorse\/parcomontale.jsp<\/i><\/a><\/strong><\/span><\/h4>\n<p><\/div><div class=\"clear\"><\/div>\n<\/div>\n\n\n\n<div class=\"divider-wrap\" data-alignment=\"default\"><div style=\"margin-top: 2vh; height: 1px; margin-bottom: 2vh;\" data-width=\"100%\" data-animate=\"\" data-animation-delay=\"\" data-color=\"default\" class=\"divider-border\"><\/div><\/div>\n<div class=\"wpb_text_column wpb_content_element\" >\n\t<div class=\"col span_2 has-animation\" data-animation=\"none\" data-delay=\"0\"><i class=\"fa fa-ticket\" style=\"font-size: 7vw;\" aria-hidden=\"true\"><\/i><\/div><div class=\"col span_10 col_last has-animation\" data-animation=\"none\" data-delay=\"0\"><\/p>\n<h4><strong>PARA AS ESCOLAS DO MUNIC\u00cdPIO DE MODENA:<\/strong><\/h4>\n<ol>\n<li>\n<h4>\u00c9 necess\u00e1rio reservar a data da visita no link:<br \/>\n<strong><a style=\"color: #ffffff;\" title=\"Reservas em linha para escolas\" href=\"https:\/\/prenotazionerisorse.comune.modena.it\/prenotazionerisorse\/parcomontale.jsp\" target=\"_blank\" rel=\"noopener noreferrer\"><i class=\"fa fa-link\" aria-hidden=\"true\"> https:\/\/prenotazionerisorse.comune.modena.it\/prenotazionerisorse\/parcomontale.jsp<\/i><br \/>\n<\/a><\/strong><\/h4>\n<\/li>\n<li>\n<h4>e registar a aula em:<br \/>\n<strong><a style=\"color: #ffffff;\" href=\"https:\/\/mymemo.comune.modena.it\/\" target=\"_blank\" rel=\"noopener noreferrer\"><i class=\"fa fa-link\" aria-hidden=\"true\"> mymemo.comune.modena.it\/<\/i><\/a><\/strong> (rotas 308 e 309)<\/h4>\n<\/li>\n<\/ol>\n<p><\/div><div class=\"clear\"><\/div>\n<\/div>\n\n\n\n<div class=\"divider-wrap\" data-alignment=\"default\"><div style=\"margin-top: 2vh; height: 1px; margin-bottom: 2vh;\" data-width=\"100%\" data-animate=\"\" data-animation-delay=\"\" data-color=\"default\" class=\"divider-border\"><\/div><\/div>\n<div class=\"wpb_text_column wpb_content_element\" >\n\t<div class=\"col span_2 has-animation\" data-animation=\"none\" data-delay=\"0\"><i class=\"fa fa-phone-square\" style=\"font-size: 7vw;\" aria-hidden=\"true\"><\/i><\/div><div class=\"col span_10 col_last has-animation\" data-animation=\"none\" data-delay=\"0\"><\/p>\n<h4><strong>APOIO \u00c0 RESERVA:<\/strong><\/h4>\n<h4>Para os professores, telefonar de segunda a sexta-feira das 09:00 \u00e0s 13:00 para o n\u00famero:<br \/>\n<strong><a href=\"tel:+393358136948\"><i class=\"fa fa-volume-control-phone\" aria-hidden=\"true\"><\/i> +39 335 8136948<\/a><\/strong><br \/>\n(o servi\u00e7o est\u00e1 suspenso de 11 a 15 de agosto).<\/h4>\n<p><\/div><div class=\"clear\"><\/div>\n<\/div>\n\n\n\n\n\t\t<\/div> \n\t<\/div>\n\t<\/div> \n<\/div><\/div>\n\t\t\t<\/div> \n\t\t<\/div>\n\t<\/div> \n<\/div><\/div>\n\t\t<div id=\"dove-mangiare\"  data-column-margin=\"default\" data-midnight=\"dark\"  class=\"wpb_row vc_row-fluid vc_row\"  style=\"padding-top: 0px; padding-bottom: 0px; \"><div class=\"row-bg-wrap\" data-bg-animation=\"none\" data-bg-animation-delay=\"\" data-bg-overlay=\"false\"><div class=\"inner-wrap row-bg-layer\" ><div class=\"row-bg viewport-desktop\"  style=\"\"><\/div><\/div><\/div><div class=\"row_col_wrap_12 col span_12 dark left\">\n\t<div  class=\"vc_col-sm-12 wpb_column column_container vc_column_container col no-extra-padding inherit_tablet inherit_phone flex_gap_desktop_10px\"  data-padding-pos=\"all\" data-has-bg-color=\"false\" data-bg-color=\"\" data-bg-opacity=\"1\" data-animation=\"\" data-delay=\"0\" >\n\t\t<div class=\"vc_column-inner\" >\n\t\t\t<div class=\"wpb_wrapper\">\n\t\t\t\t<div class=\"divider-wrap\" data-alignment=\"default\"><div style=\"margin-top: 5vh; height: 1px; margin-bottom: 5vh;\" data-width=\"100%\" data-animate=\"\" data-animation-delay=\"\" data-color=\"default\" class=\"divider-border\"><\/div><\/div>\n\t\t\t<\/div> \n\t\t<\/div>\n\t<\/div> \n<\/div><\/div>","protected":false},"excerpt":{"rendered":"04. RESERVA Reserve j\u00e1 a sua visita RESERVA ONLINE: A reserva online de visitas educativas \u00e9 poss\u00edvel no seguinte link: https:\/\/prenotazionerisorse.comune.modena.it\/prenotazionerisorse\/parcomontale.jsp PARA AS ESCOLAS DO MUNIC\u00cdPIO DE MODENA: \u00c9 necess\u00e1rio reservar a visita...","protected":false},"author":1,"featured_media":0,"parent":0,"menu_order":0,"comment_status":"closed","ping_status":"closed","template":"","meta":{"inline_featured_image":false,"footnotes":""},"class_list":["post-667","page","type-page","status-publish"],"yoast_head":"<!-- This site is optimized with the Yoast SEO plugin v27.3 - https:\/\/yoast.com\/product\/yoast-seo-wordpress\/ -->\n<title>Prenotazioni - Terramara di Montale: Parco Archeologico e Museo all&#039;aperto<\/title>\n<meta name=\"robots\" content=\"index, follow, max-snippet:-1, max-image-preview:large, max-video-preview:-1\" \/>\n<link rel=\"canonical\" href=\"https:\/\/www.parcomontale.it\/pt\/prenotazioni\/\" \/>\n<meta property=\"og:locale\" content=\"pt_PT\" \/>\n<meta property=\"og:type\" content=\"article\" \/>\n<meta property=\"og:title\" content=\"Prenotazioni - Terramara di Montale: Parco Archeologico e Museo all&#039;aperto\" \/>\n<meta property=\"og:url\" content=\"https:\/\/www.parcomontale.it\/pt\/prenotazioni\/\" \/>\n<meta property=\"og:site_name\" content=\"Terramara di Montale: Parco Archeologico e Museo all&#039;aperto\" \/>\n<meta property=\"article:publisher\" content=\"https:\/\/www.facebook.com\/parcomontale\/\" \/>\n<meta property=\"article:modified_time\" content=\"2026-03-24T14:09:31+00:00\" \/>\n<meta name=\"twitter:card\" content=\"summary_large_image\" \/>\n<meta name=\"twitter:label1\" content=\"Tempo estimado de leitura\" \/>\n\t<meta name=\"twitter:data1\" content=\"6 minutos\" \/>\n<script type=\"application\/ld+json\" class=\"yoast-schema-graph\">{\"@context\":\"https:\\\/\\\/schema.org\",\"@graph\":[{\"@type\":\"WebPage\",\"@id\":\"https:\\\/\\\/www.parcomontale.it\\\/prenotazioni\\\/\",\"url\":\"https:\\\/\\\/www.parcomontale.it\\\/prenotazioni\\\/\",\"name\":\"Prenotazioni - Terramara di Montale: Parco Archeologico e Museo all&#039;aperto\",\"isPartOf\":{\"@id\":\"https:\\\/\\\/www.parcomontale.it\\\/#website\"},\"datePublished\":\"2025-06-24T13:43:04+00:00\",\"dateModified\":\"2026-03-24T14:09:31+00:00\",\"breadcrumb\":{\"@id\":\"https:\\\/\\\/www.parcomontale.it\\\/prenotazioni\\\/#breadcrumb\"},\"inLanguage\":\"pt-PT\",\"potentialAction\":[{\"@type\":\"ReadAction\",\"target\":[\"https:\\\/\\\/www.parcomontale.it\\\/prenotazioni\\\/\"]}]},{\"@type\":\"BreadcrumbList\",\"@id\":\"https:\\\/\\\/www.parcomontale.it\\\/prenotazioni\\\/#breadcrumb\",\"itemListElement\":[{\"@type\":\"ListItem\",\"position\":1,\"name\":\"Home\",\"item\":\"https:\\\/\\\/www.parcomontale.it\\\/\"},{\"@type\":\"ListItem\",\"position\":2,\"name\":\"Prenotazioni\"}]},{\"@type\":\"WebSite\",\"@id\":\"https:\\\/\\\/www.parcomontale.it\\\/#website\",\"url\":\"https:\\\/\\\/www.parcomontale.it\\\/\",\"name\":\"Terramara di Montale\",\"description\":\"Percorso multimediale\",\"publisher\":{\"@id\":\"https:\\\/\\\/www.parcomontale.it\\\/#organization\"},\"potentialAction\":[{\"@type\":\"SearchAction\",\"target\":{\"@type\":\"EntryPoint\",\"urlTemplate\":\"https:\\\/\\\/www.parcomontale.it\\\/?s={search_term_string}\"},\"query-input\":{\"@type\":\"PropertyValueSpecification\",\"valueRequired\":true,\"valueName\":\"search_term_string\"}}],\"inLanguage\":\"pt-PT\"},{\"@type\":\"Organization\",\"@id\":\"https:\\\/\\\/www.parcomontale.it\\\/#organization\",\"name\":\"Parco Archeologico e Museo all'aperto\",\"url\":\"https:\\\/\\\/www.parcomontale.it\\\/\",\"logo\":{\"@type\":\"ImageObject\",\"inLanguage\":\"pt-PT\",\"@id\":\"https:\\\/\\\/www.parcomontale.it\\\/#\\\/schema\\\/logo\\\/image\\\/\",\"url\":\"https:\\\/\\\/www.parcomontale.it\\\/wp-content\\\/uploads\\\/2025\\\/10\\\/logo-footer.png\",\"contentUrl\":\"https:\\\/\\\/www.parcomontale.it\\\/wp-content\\\/uploads\\\/2025\\\/10\\\/logo-footer.png\",\"width\":275,\"height\":82,\"caption\":\"Parco Archeologico e Museo all'aperto\"},\"image\":{\"@id\":\"https:\\\/\\\/www.parcomontale.it\\\/#\\\/schema\\\/logo\\\/image\\\/\"},\"sameAs\":[\"https:\\\/\\\/www.facebook.com\\\/parcomontale\\\/\",\"https:\\\/\\\/www.instagram.com\\\/parcomontale\\\/\"]}]}<\/script>\n<!-- \/ Yoast SEO plugin. -->","yoast_head_json":{"title":"Reservas - Terramara di Montale: Parque Arqueol\u00f3gico e Museu ao ar livre","robots":{"index":"index","follow":"follow","max-snippet":"max-snippet:-1","max-image-preview":"max-image-preview:large","max-video-preview":"max-video-preview:-1"},"canonical":"https:\/\/www.parcomontale.it\/pt\/prenotazioni\/","og_locale":"pt_PT","og_type":"article","og_title":"Prenotazioni - Terramara di Montale: Parco Archeologico e Museo all&#039;aperto","og_url":"https:\/\/www.parcomontale.it\/pt\/prenotazioni\/","og_site_name":"Terramara di Montale: Parco Archeologico e Museo all&#039;aperto","article_publisher":"https:\/\/www.facebook.com\/parcomontale\/","article_modified_time":"2026-03-24T14:09:31+00:00","twitter_card":"summary_large_image","twitter_misc":{"Tempo estimado de leitura":"6 minutos"},"schema":{"@context":"https:\/\/schema.org","@graph":[{"@type":"WebPage","@id":"https:\/\/www.parcomontale.it\/prenotazioni\/","url":"https:\/\/www.parcomontale.it\/prenotazioni\/","name":"Reservas - Terramara di Montale: Parque Arqueol\u00f3gico e Museu ao ar livre","isPartOf":{"@id":"https:\/\/www.parcomontale.it\/#website"},"datePublished":"2025-06-24T13:43:04+00:00","dateModified":"2026-03-24T14:09:31+00:00","breadcrumb":{"@id":"https:\/\/www.parcomontale.it\/prenotazioni\/#breadcrumb"},"inLanguage":"pt-PT","potentialAction":[{"@type":"ReadAction","target":["https:\/\/www.parcomontale.it\/prenotazioni\/"]}]},{"@type":"BreadcrumbList","@id":"https:\/\/www.parcomontale.it\/prenotazioni\/#breadcrumb","itemListElement":[{"@type":"ListItem","position":1,"name":"Home","item":"https:\/\/www.parcomontale.it\/"},{"@type":"ListItem","position":2,"name":"Prenotazioni"}]},{"@type":"WebSite","@id":"https:\/\/www.parcomontale.it\/#website","url":"https:\/\/www.parcomontale.it\/","name":"Terramara de Montale","description":"Percurso multim\u00e9dia","publisher":{"@id":"https:\/\/www.parcomontale.it\/#organization"},"potentialAction":[{"@type":"SearchAction","target":{"@type":"EntryPoint","urlTemplate":"https:\/\/www.parcomontale.it\/?s={search_term_string}"},"query-input":{"@type":"PropertyValueSpecification","valueRequired":true,"valueName":"search_term_string"}}],"inLanguage":"pt-PT"},{"@type":"Organization","@id":"https:\/\/www.parcomontale.it\/#organization","name":"Parque Arqueol\u00f3gico e Museu ao ar livre","url":"https:\/\/www.parcomontale.it\/","logo":{"@type":"ImageObject","inLanguage":"pt-PT","@id":"https:\/\/www.parcomontale.it\/#\/schema\/logo\/image\/","url":"https:\/\/www.parcomontale.it\/wp-content\/uploads\/2025\/10\/logo-footer.png","contentUrl":"https:\/\/www.parcomontale.it\/wp-content\/uploads\/2025\/10\/logo-footer.png","width":275,"height":82,"caption":"Parco Archeologico e Museo all'aperto"},"image":{"@id":"https:\/\/www.parcomontale.it\/#\/schema\/logo\/image\/"},"sameAs":["https:\/\/www.facebook.com\/parcomontale\/","https:\/\/www.instagram.com\/parcomontale\/"]}]}},"_links":{"self":[{"href":"https:\/\/www.parcomontale.it\/pt\/wp-json\/wp\/v2\/pages\/667","targetHints":{"allow":["GET"]}}],"collection":[{"href":"https:\/\/www.parcomontale.it\/pt\/wp-json\/wp\/v2\/pages"}],"about":[{"href":"https:\/\/www.parcomontale.it\/pt\/wp-json\/wp\/v2\/types\/page"}],"author":[{"embeddable":true,"href":"https:\/\/www.parcomontale.it\/pt\/wp-json\/wp\/v2\/users\/1"}],"replies":[{"embeddable":true,"href":"https:\/\/www.parcomontale.it\/pt\/wp-json\/wp\/v2\/comments?post=667"}],"version-history":[{"count":3,"href":"https:\/\/www.parcomontale.it\/pt\/wp-json\/wp\/v2\/pages\/667\/revisions"}],"predecessor-version":[{"id":2297,"href":"https:\/\/www.parcomontale.it\/pt\/wp-json\/wp\/v2\/pages\/667\/revisions\/2297"}],"wp:attachment":[{"href":"https:\/\/www.parcomontale.it\/pt\/wp-json\/wp\/v2\/media?parent=667"}],"curies":[{"name":"wp","href":"https:\/\/api.w.org\/{rel}","templated":true}]}}